{"id":103941,"date":"2026-02-19T10:37:25","date_gmt":"2026-02-19T09:37:25","guid":{"rendered":"https:\/\/www.geniu.com\/?page_id=103941"},"modified":"2026-02-19T10:39:20","modified_gmt":"2026-02-19T09:39:20","slug":"form","status":"publish","type":"page","link":"https:\/\/www.geniu.com\/de\/form\/","title":{"rendered":"form"},"content":{"rendered":"\n<p><\/p>\n\n\n\n<div class=\"wpcf7 no-js\" id=\"wpcf7-f93615-o1\" lang=\"de-DE\" dir=\"ltr\" data-wpcf7-id=\"93615\">\n<div class=\"screen-reader-response\"><p role=\"status\" aria-live=\"polite\" aria-atomic=\"true\"><\/p> <ul><\/ul><\/div>\n<form action=\"\/de\/wp-json\/wp\/v2\/pages\/103941#wpcf7-f93615-o1\" method=\"post\" class=\"wpcf7-form init\" aria-label=\"Kontaktformular\" novalidate=\"novalidate\" data-status=\"init\">\n<fieldset class=\"hidden-fields-container\"><input type=\"hidden\" name=\"_wpcf7\" value=\"93615\" \/><input type=\"hidden\" name=\"_wpcf7_version\" value=\"6.1.5\" \/><input type=\"hidden\" name=\"_wpcf7_locale\" value=\"de_DE\" \/><input type=\"hidden\" name=\"_wpcf7_unit_tag\" value=\"wpcf7-f93615-o1\" \/><input type=\"hidden\" name=\"_wpcf7_container_post\" value=\"0\" \/><input type=\"hidden\" name=\"_wpcf7_posted_data_hash\" value=\"\" \/>\n<\/fieldset>\n<div class=\"wps-form\">\n\t<div class=\"wps-form-row\">\n\t\t<div class=\"wps-form-column\">\n\t\t\t<p><strong>1. Teilnehmer\/in<\/strong>\n\t\t\t<\/p>\n\t\t<\/div>\n\t<\/div>\n\t<div class=\"wps-form-row\">\n\t\t<div class=\"wps-form-column\">\n\t\t\t<p><span class=\"wpcf7-form-control-wrap\" data-name=\"user_salutation\"><select class=\"wpcf7-form-control wpcf7-select wpcf7-validates-as-required\" aria-required=\"true\" aria-invalid=\"false\" name=\"user_salutation\"><option value=\"\">&#8211; Bitte ausw\u00e4hlen &#8211;<\/option><option value=\"Frau\">Frau<\/option><option value=\"Herr\">Herr<\/option><\/select><\/span>\n\t\t\t<\/p>\n\t\t<\/div>\n\t<\/div>\n\t<div class=\"wps-form-row\">\n\t\t<div class=\"wps-form-column\">\n\t\t\t<p><span class=\"wpcf7-form-control-wrap\" data-name=\"user_name\"><input size=\"40\" maxlength=\"400\" class=\"wpcf7-form-control wpcf7-text wpcf7-validates-as-required\" aria-required=\"true\" aria-invalid=\"false\" placeholder=\"Titel Vorname Nachname (Pflichtfeld)\" value=\"\" type=\"text\" name=\"user_name\" \/><\/span>\n\t\t\t<\/p>\n\t\t<\/div>\n\t<\/div>\n\t<div class=\"wps-form-row\">\n\t\t<div class=\"wps-form-column\">\n\t\t\t<p><span class=\"wpcf7-form-control-wrap\" data-name=\"user_company\"><input size=\"40\" maxlength=\"400\" class=\"wpcf7-form-control wpcf7-text\" aria-invalid=\"false\" placeholder=\"Firma\/Organisation\" value=\"\" type=\"text\" name=\"user_company\" \/><\/span>\n\t\t\t<\/p>\n\t\t<\/div>\n\t<\/div>\n\t<div class=\"wps-form-row\">\n\t\t<div class=\"wps-form-column\">\n\t\t\t<p><span class=\"wpcf7-form-control-wrap\" data-name=\"user_department\"><input size=\"40\" maxlength=\"400\" class=\"wpcf7-form-control wpcf7-text\" aria-invalid=\"false\" placeholder=\"Abteilung\" value=\"\" type=\"text\" name=\"user_department\" \/><\/span>\n\t\t\t<\/p>\n\t\t<\/div>\n\t<\/div>\n\t<div class=\"wps-form-row\">\n\t\t<div class=\"wps-form-column\">\n\t\t\t<p><span class=\"wpcf7-form-control-wrap\" data-name=\"user_street\"><input size=\"40\" maxlength=\"400\" class=\"wpcf7-form-control wpcf7-text wpcf7-validates-as-required\" aria-required=\"true\" aria-invalid=\"false\" placeholder=\"Stra\u00dfe\/Postfach (Pflichtfeld)\" value=\"\" type=\"text\" name=\"user_street\" \/><\/span>\n\t\t\t<\/p>\n\t\t<\/div>\n\t<\/div>\n\t<div class=\"wps-form-row\">\n\t\t<div class=\"wps-form-column\">\n\t\t\t<p><span class=\"wpcf7-form-control-wrap\" data-name=\"user_zip\"><input size=\"40\" maxlength=\"400\" class=\"wpcf7-form-control wpcf7-text wpcf7-validates-as-required\" aria-required=\"true\" aria-invalid=\"false\" placeholder=\"Postleitzahl (Pflichtfeld)\" value=\"\" type=\"text\" name=\"user_zip\" \/><\/span>\n\t\t\t<\/p>\n\t\t<\/div>\n\t\t<div class=\"wps-form-column\">\n\t\t\t<p><span class=\"wpcf7-form-control-wrap\" data-name=\"user_city\"><input size=\"40\" maxlength=\"400\" class=\"wpcf7-form-control wpcf7-text wpcf7-validates-as-required\" aria-required=\"true\" aria-invalid=\"false\" placeholder=\"Ort (Pflichtfeld)\" value=\"\" type=\"text\" name=\"user_city\" \/><\/span>\n\t\t\t<\/p>\n\t\t<\/div>\n\t<\/div>\n\t<div class=\"wps-form-row\">\n\t\t<div class=\"wps-form-column\">\n\t\t\t<p><span class=\"wpcf7-form-control-wrap\" data-name=\"user_country\"><select class=\"wpcf7-form-control wpcf7-select wpcf7-validates-as-required\" aria-required=\"true\" aria-invalid=\"false\" name=\"user_country\"><option value=\"\">&#8211; Bitte ausw\u00e4hlen &#8211;<\/option><option value=\"Deutschland\">Deutschland<\/option><option value=\"\u00d6sterreich\">\u00d6sterreich<\/option><option value=\"Schweiz\">Schweiz<\/option><option value=\"Belgien\">Belgien<\/option><option value=\"D\u00e4nemark\">D\u00e4nemark<\/option><option value=\"Frankreich\">Frankreich<\/option><option value=\"Italien\">Italien<\/option><option value=\"Lichtenstein\">Lichtenstein<\/option><option value=\"Luxemburg\">Luxemburg<\/option><option value=\"Niederlande\">Niederlande<\/option><option value=\"Polen\">Polen<\/option><option value=\"Tschechien\">Tschechien<\/option><\/select><\/span>\n\t\t\t<\/p>\n\t\t<\/div>\n\t<\/div>\n\t<div class=\"wps-form-row\">\n\t\t<div class=\"wps-form-column\">\n\t\t\t<p><span class=\"wpcf7-form-control-wrap\" data-name=\"user_email\"><input size=\"40\" maxlength=\"400\" class=\"wpcf7-form-control wpcf7-email wpcf7-validates-as-required wpcf7-text wpcf7-validates-as-email\" aria-required=\"true\" aria-invalid=\"false\" placeholder=\"Email-Adresse des Teilnehmers (Pflichtfeld)\" value=\"\" type=\"email\" name=\"user_email\" \/><\/span>\n\t\t\t<\/p>\n\t\t<\/div>\n\t<\/div>\n\t<div class=\"wps-form-row\">\n\t\t<div class=\"wps-form-column\">\n\t\t\t<p><span class=\"wpcf7-form-control-wrap\" data-name=\"user_phone\"><input size=\"40\" maxlength=\"400\" class=\"wpcf7-form-control wpcf7-tel wpcf7-text wpcf7-validates-as-tel\" aria-invalid=\"false\" placeholder=\"Telefon\" value=\"\" type=\"tel\" name=\"user_phone\" \/><\/span>\n\t\t\t<\/p>\n\t\t<\/div>\n\t<\/div>\n\t<div class=\"wps-form-row\">\n\t\t<div class=\"wps-form-column\">\n\t\t\t<p><strong>2. Rechnungsadresse<\/strong>\n\t\t\t<\/p>\n\t\t<\/div>\n\t<\/div>\n\t<div class=\"wps-form-row\">\n\t\t<div class=\"wps-form-column\">\n\t\t\t<p><span class=\"wpcf7-form-control-wrap\" data-name=\"invoice_choice\"><span class=\"wpcf7-form-control wpcf7-radio\"><span class=\"wpcf7-list-item first\"><input type=\"radio\" name=\"invoice_choice\" value=\"Adresse Teilnehmer\/in\" checked=\"checked\" \/><span class=\"wpcf7-list-item-label\">Adresse Teilnehmer\/in<\/span><\/span><span class=\"wpcf7-list-item last\"><input type=\"radio\" name=\"invoice_choice\" value=\"folgende Rechnungsadresse\" \/><span class=\"wpcf7-list-item-label\">folgende Rechnungsadresse<\/span><\/span><\/span><\/span>\n\t\t\t<\/p>\n\t\t<\/div>\n\t<\/div>\n\t<div class=\"wps-form-row\">\n\t\t<div class=\"wps-form-column\">\n\t\t\t<p><span class=\"wpcf7-form-control-wrap\" data-name=\"invoice_company\"><input size=\"40\" maxlength=\"400\" class=\"wpcf7-form-control wpcf7-text\" aria-invalid=\"false\" placeholder=\"Firma\/Organisation\" value=\"\" type=\"text\" name=\"invoice_company\" \/><\/span>\n\t\t\t<\/p>\n\t\t<\/div>\n\t<\/div>\n\t<div class=\"wps-form-row\">\n\t\t<div class=\"wps-form-column\">\n\t\t\t<p><span class=\"wpcf7-form-control-wrap\" data-name=\"invoice_department\"><input size=\"40\" maxlength=\"400\" class=\"wpcf7-form-control wpcf7-text\" aria-invalid=\"false\" placeholder=\"Abteilung\" value=\"\" type=\"text\" name=\"invoice_department\" \/><\/span>\n\t\t\t<\/p>\n\t\t<\/div>\n\t<\/div>\n\t<div class=\"wps-form-row\">\n\t\t<div class=\"wps-form-column\">\n\t\t\t<p><span class=\"wpcf7-form-control-wrap\" data-name=\"invoice_person\"><input size=\"40\" maxlength=\"400\" class=\"wpcf7-form-control wpcf7-text\" aria-invalid=\"false\" placeholder=\"Ansprechpartner\" value=\"\" type=\"text\" name=\"invoice_person\" \/><\/span>\n\t\t\t<\/p>\n\t\t<\/div>\n\t<\/div>\n\t<div class=\"wps-form-row\">\n\t\t<div class=\"wps-form-column\">\n\t\t\t<p><span class=\"wpcf7-form-control-wrap\" data-name=\"invoice_street\"><input size=\"40\" maxlength=\"400\" class=\"wpcf7-form-control wpcf7-text\" aria-invalid=\"false\" placeholder=\"Stra\u00dfe\" value=\"\" type=\"text\" name=\"invoice_street\" \/><\/span>\n\t\t\t<\/p>\n\t\t<\/div>\n\t<\/div>\n\t<div class=\"wps-form-row\">\n\t\t<div class=\"wps-form-column\">\n\t\t\t<p><span class=\"wpcf7-form-control-wrap\" data-name=\"invoice_zip\"><input size=\"40\" maxlength=\"400\" class=\"wpcf7-form-control wpcf7-text\" aria-invalid=\"false\" placeholder=\"Postleitzahl\" value=\"\" type=\"text\" name=\"invoice_zip\" \/><\/span>\n\t\t\t<\/p>\n\t\t<\/div>\n\t\t<div class=\"wps-form-column\">\n\t\t\t<p><span class=\"wpcf7-form-control-wrap\" data-name=\"invoice_city\"><input size=\"40\" maxlength=\"400\" class=\"wpcf7-form-control wpcf7-text\" aria-invalid=\"false\" placeholder=\"Ort\" value=\"\" type=\"text\" name=\"invoice_city\" \/><\/span>\n\t\t\t<\/p>\n\t\t<\/div>\n\t<\/div>\n\t<div class=\"wps-form-row\">\n\t\t<div class=\"wps-form-column\">\n\t\t\t<p><span class=\"wpcf7-form-control-wrap\" data-name=\"invoice_country\"><select class=\"wpcf7-form-control wpcf7-select\" aria-invalid=\"false\" name=\"invoice_country\"><option value=\"\">&#8211; Bitte ausw\u00e4hlen &#8211;<\/option><option value=\"Deutschland\">Deutschland<\/option><option value=\"\u00d6sterreich\">\u00d6sterreich<\/option><option value=\"Schweiz\">Schweiz<\/option><option value=\"Belgien\">Belgien<\/option><option value=\"D\u00e4nemark\">D\u00e4nemark<\/option><option value=\"Frankreich\">Frankreich<\/option><option value=\"Italien\">Italien<\/option><option value=\"Lichtenstein\">Lichtenstein<\/option><option value=\"Luxemburg\">Luxemburg<\/option><option value=\"Niederlande\">Niederlande<\/option><option value=\"Polen\">Polen<\/option><option value=\"Tschechien\">Tschechien<\/option><\/select><\/span>\n\t\t\t<\/p>\n\t\t<\/div>\n\t<\/div>\n\t<div class=\"wps-form-row\">\n\t\t<div class=\"wps-form-column\">\n\t\t\t<p><span class=\"wpcf7-form-control-wrap\" data-name=\"invoice_comment\"><input size=\"40\" maxlength=\"400\" class=\"wpcf7-form-control wpcf7-text\" aria-invalid=\"false\" placeholder=\"Rechnungsvermerk (z.B. SAP-Nr. oder USt-ID bei reverse charge)\" value=\"\" type=\"text\" name=\"invoice_comment\" \/><\/span>\n\t\t\t<\/p>\n\t\t<\/div>\n\t<\/div>\n\t<div class=\"wps-form-row\">\n\t\t<div class=\"wps-form-column\">\n\t\t\t<p><strong>3. Anmerkungen<\/strong>\n\t\t\t<\/p>\n\t\t<\/div>\n\t<\/div>\n\t<div class=\"wps-form-row\">\n\t\t<div class=\"wps-form-column\">\n\t\t\t<p><span class=\"wpcf7-form-control-wrap\" data-name=\"user_message\"><textarea cols=\"40\" rows=\"10\" maxlength=\"2000\" class=\"wpcf7-form-control wpcf7-textarea\" aria-invalid=\"false\" placeholder=\"Anmerkungen\" name=\"user_message\"><\/textarea><\/span>\n\t\t\t<\/p>\n\t\t<\/div>\n\t<\/div>\n\t<div class=\"wps-form-row\">\n\t\t<div class=\"wps-form-column\">\n\t\t\t<p>Wir werden uns innerhalb der n\u00e4chsten beiden Werktage mit Ihnen in Verbindung setzen. Mit der endg\u00fcltigen Buchungsbest\u00e4tigung werden Sie auch Informationen zu \u00dcbernachtungsm\u00f6glichkeiten vor Ort erhalten.\n\t\t\t<\/p>\n\t\t<\/div>\n\t<\/div>\n\t<div class=\"wps-form-row jetz-checkboxes\">\n\t\t<div class=\"wps-form-column \">\n\t\t\t<p><strong>4. Schulungsumfang und Teilnahmegeb\u00fchr<\/strong>\n\t\t\t<\/p>\n\t\t\t<p class=\"checkbox_row\">Tag 1 <span class=\"wpcf7-form-control-wrap\" data-name=\"tag1\"><span class=\"wpcf7-form-control wpcf7-checkbox\"><span class=\"wpcf7-list-item first last\"><label><input type=\"checkbox\" name=\"tag1[]\" value=\"499,00 \u20ac zzgl MwSt. (Online)\" \/><span class=\"wpcf7-list-item-label\">499,00 \u20ac zzgl MwSt. (Online)<\/span><\/label><\/span><\/span><\/span>\n\t\t\t<\/p>\n\t\t\t<p class=\"checkbox_row\">Modul M1<span class=\"wpcf7-form-control-wrap\" data-name=\"moule1\"><span class=\"wpcf7-form-control wpcf7-checkbox\"><span class=\"wpcf7-list-item first last\"><label><input type=\"checkbox\" name=\"moule1[]\" value=\"199,00 \u20ac zzgl MwSt. (Per Live-Webinar)\" \/><span class=\"wpcf7-list-item-label\">199,00 \u20ac zzgl MwSt. (Per Live-Webinar)<\/span><\/label><\/span><\/span><\/span>\n\t\t\t<\/p>\n\t\t\t<p class=\"checkbox_row\">Modul M2<span class=\"wpcf7-form-control-wrap\" data-name=\"moule2\"><span class=\"wpcf7-form-control wpcf7-checkbox\"><span class=\"wpcf7-list-item first last\"><label><input type=\"checkbox\" name=\"moule2[]\" value=\"199,00 \u20ac zzgl MwSt. (Per Live-Webinar)\" \/><span class=\"wpcf7-list-item-label\">199,00 \u20ac zzgl MwSt. (Per Live-Webinar)<\/span><\/label><\/span><\/span><\/span>\n\t\t\t<\/p>\n\t\t\t<p class=\"checkbox_row\">Modul M3<span class=\"wpcf7-form-control-wrap\" data-name=\"moule3\"><span class=\"wpcf7-form-control wpcf7-checkbox\"><span class=\"wpcf7-list-item first last\"><label><input type=\"checkbox\" name=\"moule3[]\" value=\"199,00 \u20ac zzgl MwSt. (Per Live-Webinar)\" \/><span class=\"wpcf7-list-item-label\">199,00 \u20ac zzgl MwSt. (Per Live-Webinar)<\/span><\/label><\/span><\/span><\/span>\n\t\t\t<\/p>\n\t\t\t<p class=\"checkbox_row\">Coaching<span class=\"wpcf7-form-control-wrap\" data-name=\"moule3\"><span class=\"wpcf7-form-control wpcf7-checkbox\"><span class=\"wpcf7-list-item first last\"><label><input type=\"checkbox\" name=\"moule3[]\" value=\"389,00 \u20ac zzgl MwSt.\" \/><span class=\"wpcf7-list-item-label\">389,00 \u20ac zzgl MwSt.<\/span><\/label><\/span><\/span><\/span>\n\t\t\t<\/p>\n\t\t<\/div>\n\t<\/div>\n\t<div class=\"wps-form-row\">\n\t\t<div class=\"wps-form-column\">\n\t\t\t<p><strong>5. Teilnahmebedingungen<\/strong>\n\t\t\t<\/p>\n\t\t<\/div>\n\t<\/div>\n\t<div class=\"wps-form-row\">\n\t\t<p>Lesen Sie hier die <a class=\"accept-link\" href=\"https:\/\/www.geniu.com\/de\/weiterbildung\/teilnahmebedingungen\/\" target=\"_blank\" rel=\"noopener\">Teilnahmebedingungen lesen<\/a>\n\t\t<\/p>\n\t\t<div class=\"wps-form-column\">\n\t\t\t<p><span class=\"wpcf7-form-control-wrap\" data-name=\"user_check\"><span class=\"wpcf7-form-control wpcf7-acceptance\"><span class=\"wpcf7-list-item\"><label><input type=\"checkbox\" name=\"user_check\" value=\"1\" aria-invalid=\"false\" \/><span class=\"wpcf7-list-item-label\">Ich akzeptiere die Teilnahmebedingungen.<\/span><\/label><\/span><\/span><\/span>\n\t\t\t<\/p>\n\t\t<\/div>\n\t<\/div>\n\t<div class=\"wps-form-row disclaimer\">\n\t\t<div class=\"wps-form-column\">\n\t\t\t<p><strong>Datenschutzhinweis<\/strong>\n\t\t\t<\/p>\n\t\t\t<p>Ihre Anfrage wird verschl\u00fcsselt \u00fcber unseren Server versendet. Wir werden Ihre Angaben nur zur Bearbeitung Ihres Anliegens verwenden. Weitere Informationen sowie Widerrufhinweise finden Sie in unserer <a href=\"\/de\/datenschutzerklaerung\" target=\"_blank\">Datenschutzerkl\u00e4rung<\/a>.\n\t\t\t<\/p>\n\t\t<\/div>\n\t<\/div>\n\t<div class=\"wps-form-row\">\n\t\t<div class=\"wps-form-column\">\n\t\t\t<p><input class=\"wpcf7-form-control wpcf7-submit has-spinner\" type=\"submit\" value=\"Jetzt verbindlich buchen\" \/>\n\t\t\t<\/p>\n\t\t<\/div>\n\t<\/div>\n<\/div><div class=\"wpcf7-response-output\" aria-hidden=\"true\"><\/div>\n<\/form>\n<\/div>\n\n\n\n\n<p><\/p>\n","protected":false},"excerpt":{"rendered":"","protected":false},"author":1,"featured_media":0,"parent":0,"menu_order":0,"comment_status":"closed","ping_status":"closed","template":"","meta":{"_acf_changed":false,"site-sidebar-layout":"default","site-content-layout":"","ast-site-content-layout":"default","site-content-style":"default","site-sidebar-style":"default","ast-global-header-display":"","ast-banner-title-visibility":"","ast-main-header-display":"","ast-hfb-above-header-display":"","ast-hfb-below-header-display":"","ast-hfb-mobile-header-display":"","site-post-title":"","ast-breadcrumbs-content":"","ast-featured-img":"","footer-sml-layout":"","ast-disable-related-posts":"","theme-transparent-header-meta":"","adv-header-id-meta":"","stick-header-meta":"","header-above-stick-meta":"","header-main-stick-meta":"","header-below-stick-meta":"","astra-migrate-meta-layouts":"set","ast-page-background-enabled":"default","ast-page-background-meta":{"desktop":{"background-color":"var(--ast-global-color-4)","background-image":"","background-repeat":"repeat","background-position":"center center","background-size":"auto","background-attachment":"scroll","background-type":"","background-media":"","overlay-type":"","overlay-color":"","overlay-opacity":"","overlay-gradient":""},"tablet":{"background-color":"","background-image":"","background-repeat":"repeat","background-position":"center center","background-size":"auto","background-attachment":"scroll","background-type":"","background-media":"","overlay-type":"","overlay-color":"","overlay-opacity":"","overlay-gradient":""},"mobile":{"background-color":"","background-image":"","background-repeat":"repeat","background-position":"center center","background-size":"auto","background-attachment":"scroll","background-type":"","background-media":"","overlay-type":"","overlay-color":"","overlay-opacity":"","overlay-gradient":""}},"ast-content-background-meta":{"desktop":{"background-color":"var(--ast-global-color-5)","background-image":"","background-repeat":"repeat","background-position":"center center","background-size":"auto","background-attachment":"scroll","background-type":"","background-media":"","overlay-type":"","overlay-color":"","overlay-opacity":"","overlay-gradient":""},"tablet":{"background-color":"var(--ast-global-color-5)","background-image":"","background-repeat":"repeat","background-position":"center center","background-size":"auto","background-attachment":"scroll","background-type":"","background-media":"","overlay-type":"","overlay-color":"","overlay-opacity":"","overlay-gradient":""},"mobile":{"background-color":"var(--ast-global-color-5)","background-image":"","background-repeat":"repeat","background-position":"center center","background-size":"auto","background-attachment":"scroll","background-type":"","background-media":"","overlay-type":"","overlay-color":"","overlay-opacity":"","overlay-gradient":""}},"footnotes":""},"class_list":["post-103941","page","type-page","status-publish","hentry"],"acf":[],"yoast_head":"<!-- This site is optimized with the Yoast SEO plugin v27.3 - https:\/\/yoast.com\/product\/yoast-seo-wordpress\/ -->\n<title>form - Beratung und Weiterbildung f\u00fcr Labore | Geniu<\/title>\n<meta name=\"robots\" content=\"index, follow, max-snippet:-1, max-image-preview:large, max-video-preview:-1\" \/>\n<link rel=\"canonical\" href=\"https:\/\/www.geniu.com\/de\/form\/\" \/>\n<meta property=\"og:locale\" content=\"de_DE\" \/>\n<meta property=\"og:type\" content=\"article\" \/>\n<meta property=\"og:title\" content=\"form - Beratung und Weiterbildung f\u00fcr Labore | Geniu\" \/>\n<meta property=\"og:url\" content=\"https:\/\/www.geniu.com\/de\/form\/\" \/>\n<meta property=\"og:site_name\" content=\"Geniu\" \/>\n<meta property=\"article:publisher\" content=\"https:\/\/www.facebook.com\/Geniu-1574654296173059\" \/>\n<meta property=\"article:modified_time\" content=\"2026-02-19T09:39:20+00:00\" \/>\n<meta name=\"twitter:card\" content=\"summary_large_image\" \/>\n<meta name=\"twitter:label1\" content=\"Gesch\u00e4tzte Lesezeit\" \/>\n\t<meta name=\"twitter:data1\" content=\"1\u00a0Minute\" \/>\n<script type=\"application\/ld+json\" class=\"yoast-schema-graph\">{\"@context\":\"https:\\\/\\\/schema.org\",\"@graph\":[{\"@type\":\"WebPage\",\"@id\":\"https:\\\/\\\/www.geniu.com\\\/de\\\/form\\\/\",\"url\":\"https:\\\/\\\/www.geniu.com\\\/de\\\/form\\\/\",\"name\":\"form - Beratung und Weiterbildung f\u00fcr Labore | Geniu\",\"isPartOf\":{\"@id\":\"https:\\\/\\\/www.geniu.com\\\/de\\\/#website\"},\"datePublished\":\"2026-02-19T09:37:25+00:00\",\"dateModified\":\"2026-02-19T09:39:20+00:00\",\"breadcrumb\":{\"@id\":\"https:\\\/\\\/www.geniu.com\\\/de\\\/form\\\/#breadcrumb\"},\"inLanguage\":\"de\",\"potentialAction\":[{\"@type\":\"ReadAction\",\"target\":[\"https:\\\/\\\/www.geniu.com\\\/de\\\/form\\\/\"]}]},{\"@type\":\"BreadcrumbList\",\"@id\":\"https:\\\/\\\/www.geniu.com\\\/de\\\/form\\\/#breadcrumb\",\"itemListElement\":[{\"@type\":\"ListItem\",\"position\":1,\"name\":\"Home\",\"item\":\"https:\\\/\\\/www.geniu.com\\\/de\\\/\"},{\"@type\":\"ListItem\",\"position\":2,\"name\":\"form\"}]},{\"@type\":\"WebSite\",\"@id\":\"https:\\\/\\\/www.geniu.com\\\/de\\\/#website\",\"url\":\"https:\\\/\\\/www.geniu.com\\\/de\\\/\",\"name\":\"Geniu\",\"description\":\"Weiterbildung und Beratung f\u00fcr Labore\",\"publisher\":{\"@id\":\"https:\\\/\\\/www.geniu.com\\\/de\\\/#organization\"},\"potentialAction\":[{\"@type\":\"SearchAction\",\"target\":{\"@type\":\"EntryPoint\",\"urlTemplate\":\"https:\\\/\\\/www.geniu.com\\\/de\\\/?s={search_term_string}\"},\"query-input\":{\"@type\":\"PropertyValueSpecification\",\"valueRequired\":true,\"valueName\":\"search_term_string\"}}],\"inLanguage\":\"de\"},{\"@type\":\"Organization\",\"@id\":\"https:\\\/\\\/www.geniu.com\\\/de\\\/#organization\",\"name\":\"Geniu GmbH\",\"alternateName\":\"Geniu\",\"url\":\"https:\\\/\\\/www.geniu.com\\\/de\\\/\",\"logo\":{\"@type\":\"ImageObject\",\"inLanguage\":\"de\",\"@id\":\"https:\\\/\\\/www.geniu.com\\\/de\\\/#\\\/schema\\\/logo\\\/image\\\/\",\"url\":\"\",\"contentUrl\":\"\",\"caption\":\"Geniu GmbH\"},\"image\":{\"@id\":\"https:\\\/\\\/www.geniu.com\\\/de\\\/#\\\/schema\\\/logo\\\/image\\\/\"},\"sameAs\":[\"https:\\\/\\\/www.facebook.com\\\/Geniu-1574654296173059\",\"https:\\\/\\\/www.linkedin.com\\\/company\\\/geniu-gmbh\",\"https:\\\/\\\/www.xing.com\\\/companies\\\/geniu?literal=Geniu\",\"https:\\\/\\\/www.youtube.com\\\/channel\\\/UCotSWDP-a-Lbn2o0KbOpbBA\"]}]}<\/script>\n<!-- \/ Yoast SEO plugin. -->","yoast_head_json":{"title":"form - Beratung und Weiterbildung f\u00fcr Labore | Geniu","robots":{"index":"index","follow":"follow","max-snippet":"max-snippet:-1","max-image-preview":"max-image-preview:large","max-video-preview":"max-video-preview:-1"},"canonical":"https:\/\/www.geniu.com\/de\/form\/","og_locale":"de_DE","og_type":"article","og_title":"form - Beratung und Weiterbildung f\u00fcr Labore | Geniu","og_url":"https:\/\/www.geniu.com\/de\/form\/","og_site_name":"Geniu","article_publisher":"https:\/\/www.facebook.com\/Geniu-1574654296173059","article_modified_time":"2026-02-19T09:39:20+00:00","twitter_card":"summary_large_image","twitter_misc":{"Gesch\u00e4tzte Lesezeit":"1\u00a0Minute"},"schema":{"@context":"https:\/\/schema.org","@graph":[{"@type":"WebPage","@id":"https:\/\/www.geniu.com\/de\/form\/","url":"https:\/\/www.geniu.com\/de\/form\/","name":"form - Beratung und Weiterbildung f\u00fcr Labore | Geniu","isPartOf":{"@id":"https:\/\/www.geniu.com\/de\/#website"},"datePublished":"2026-02-19T09:37:25+00:00","dateModified":"2026-02-19T09:39:20+00:00","breadcrumb":{"@id":"https:\/\/www.geniu.com\/de\/form\/#breadcrumb"},"inLanguage":"de","potentialAction":[{"@type":"ReadAction","target":["https:\/\/www.geniu.com\/de\/form\/"]}]},{"@type":"BreadcrumbList","@id":"https:\/\/www.geniu.com\/de\/form\/#breadcrumb","itemListElement":[{"@type":"ListItem","position":1,"name":"Home","item":"https:\/\/www.geniu.com\/de\/"},{"@type":"ListItem","position":2,"name":"form"}]},{"@type":"WebSite","@id":"https:\/\/www.geniu.com\/de\/#website","url":"https:\/\/www.geniu.com\/de\/","name":"Geniu","description":"Weiterbildung und Beratung f\u00fcr Labore","publisher":{"@id":"https:\/\/www.geniu.com\/de\/#organization"},"potentialAction":[{"@type":"SearchAction","target":{"@type":"EntryPoint","urlTemplate":"https:\/\/www.geniu.com\/de\/?s={search_term_string}"},"query-input":{"@type":"PropertyValueSpecification","valueRequired":true,"valueName":"search_term_string"}}],"inLanguage":"de"},{"@type":"Organization","@id":"https:\/\/www.geniu.com\/de\/#organization","name":"Geniu GmbH","alternateName":"Geniu","url":"https:\/\/www.geniu.com\/de\/","logo":{"@type":"ImageObject","inLanguage":"de","@id":"https:\/\/www.geniu.com\/de\/#\/schema\/logo\/image\/","url":"","contentUrl":"","caption":"Geniu GmbH"},"image":{"@id":"https:\/\/www.geniu.com\/de\/#\/schema\/logo\/image\/"},"sameAs":["https:\/\/www.facebook.com\/Geniu-1574654296173059","https:\/\/www.linkedin.com\/company\/geniu-gmbh","https:\/\/www.xing.com\/companies\/geniu?literal=Geniu","https:\/\/www.youtube.com\/channel\/UCotSWDP-a-Lbn2o0KbOpbBA"]}]}},"jetpack_sharing_enabled":true,"_links":{"self":[{"href":"https:\/\/www.geniu.com\/de\/wp-json\/wp\/v2\/pages\/103941","targetHints":{"allow":["GET"]}}],"collection":[{"href":"https:\/\/www.geniu.com\/de\/wp-json\/wp\/v2\/pages"}],"about":[{"href":"https:\/\/www.geniu.com\/de\/wp-json\/wp\/v2\/types\/page"}],"author":[{"embeddable":true,"href":"https:\/\/www.geniu.com\/de\/wp-json\/wp\/v2\/users\/1"}],"replies":[{"embeddable":true,"href":"https:\/\/www.geniu.com\/de\/wp-json\/wp\/v2\/comments?post=103941"}],"version-history":[{"count":0,"href":"https:\/\/www.geniu.com\/de\/wp-json\/wp\/v2\/pages\/103941\/revisions"}],"wp:attachment":[{"href":"https:\/\/www.geniu.com\/de\/wp-json\/wp\/v2\/media?parent=103941"}],"curies":[{"name":"wp","href":"https:\/\/api.w.org\/{rel}","templated":true}]}}