{"id":2100,"date":"2024-11-10T17:00:54","date_gmt":"2024-11-10T16:00:54","guid":{"rendered":"https:\/\/www.geniu.com\/?page_id=2100"},"modified":"2026-05-07T10:01:19","modified_gmt":"2026-05-07T08:01:19","slug":"20-jahre-lean-lab","status":"publish","type":"page","link":"https:\/\/www.geniu.com\/de\/20-jahre-lean-lab\/","title":{"rendered":"20 Jahre Lean Lab"},"content":{"rendered":"\t\t<div data-elementor-type=\"wp-page\" data-elementor-id=\"2100\" class=\"elementor elementor-2100\" data-elementor-post-type=\"page\">\n\t\t\t\t<div class=\"elementor-element elementor-element-58aeef9 e-flex e-con-boxed e-con e-parent\" data-id=\"58aeef9\" data-element_type=\"container\" data-e-type=\"container\" data-settings=\"{&quot;background_background&quot;:&quot;classic&quot;}\">\n\t\t\t\t\t<div class=\"e-con-inner\">\n\t\t\t\t\t<\/div>\n\t\t\t\t<\/div>\n\t\t<div class=\"elementor-element elementor-element-4f8a74e e-flex e-con-boxed e-con e-parent\" data-id=\"4f8a74e\" data-element_type=\"container\" data-e-type=\"container\">\n\t\t\t\t\t<div class=\"e-con-inner\">\n\t\t\t\t<div class=\"elementor-element elementor-element-468c021 elementor-widget elementor-widget-spacer\" data-id=\"468c021\" data-element_type=\"widget\" data-e-type=\"widget\" data-widget_type=\"spacer.default\">\n\t\t\t\t\t\t\t<div class=\"elementor-spacer\">\n\t\t\t<div class=\"elementor-spacer-inner\"><\/div>\n\t\t<\/div>\n\t\t\t\t\t\t<\/div>\n\t\t<div class=\"elementor-element elementor-element-838afee e-con-full e-flex e-con e-child\" data-id=\"838afee\" data-element_type=\"container\" data-e-type=\"container\" data-settings=\"{&quot;background_background&quot;:&quot;classic&quot;}\">\n\t\t\t\t<div class=\"elementor-element elementor-element-a4bc400 elementor-widget elementor-widget-heading\" data-id=\"a4bc400\" data-element_type=\"widget\" data-e-type=\"widget\" data-widget_type=\"heading.default\">\n\t\t\t\t\t<h2 class=\"elementor-heading-title elementor-size-default\">20 Jahre Lean Management im Labor<\/h2>\t\t\t\t<\/div>\n\t\t\t\t<div class=\"elementor-element elementor-element-f326ca7 elementor-widget elementor-widget-text-editor\" data-id=\"f326ca7\" data-element_type=\"widget\" data-e-type=\"widget\" data-widget_type=\"text-editor.default\">\n\t\t\t\t\t\t\t\t\t<p><img fetchpriority=\"high\" decoding=\"async\" class=\"size-medium wp-image-1667 alignleft\" src=\"https:\/\/www.geniu.com\/wp-content\/uploads\/2024\/10\/20-400x236-1-300x177.png\" alt=\"\" width=\"300\" height=\"177\" srcset=\"https:\/\/www.geniu.com\/wp-content\/uploads\/2024\/10\/20-400x236-1-300x177.png 300w, https:\/\/www.geniu.com\/wp-content\/uploads\/2024\/10\/20-400x236-1.png 400w\" sizes=\"(max-width: 300px) 100vw, 300px\" \/><\/p><p>Das Jahr 2021 markiert einen Meilenstein in der Anwendung von Lean Management in Laboren. Nach dem ersten \u201eLean Lab\u201c-Projekt im Jahr 2001 und Tausenden von Projekten in verschiedenen Laboren weltweit gilt Lean Management als \u201eKlassiker\u201c zur Optimierung von Laboren. Daher ist es 20 Jahre sp\u00e4ter an der Zeit, den Nutzen der erfolgreichen Anwendung von Lean in Laboren zu \u00fcberpr\u00fcfen und noch mehr Labore zu motivieren, den Weg zu mehr Leistung und Wettbewerbsf\u00e4higkeit zu gehen.<\/p><p>In dieser Studie pr\u00e4sentieren wir die Ergebnisse des Research-Projektes und der Meta-Analyse zum Nutzen von Lean Management in Laboren. Die Ergebnisse zeigen, dass erfolgreiche Lean-Lab-Projekte die Leistung auf mindestens einer der Leistungsdimensionen Produktivit\u00e4t, Qualit\u00e4t oder Durchlaufzeit wesentlich verbessert haben.<\/p>\t\t\t\t\t\t\t\t<\/div>\n\t\t\t\t<\/div>\n\t\t\t\t\t<\/div>\n\t\t\t\t<\/div>\n\t\t<div class=\"elementor-element elementor-element-834c621 e-flex e-con-boxed e-con e-parent\" data-id=\"834c621\" data-element_type=\"container\" data-e-type=\"container\" data-settings=\"{&quot;background_background&quot;:&quot;classic&quot;}\">\n\t\t\t\t\t<div class=\"e-con-inner\">\n\t\t\t\t<div class=\"elementor-element elementor-element-6536d5f elementor-widget elementor-widget-spacer\" data-id=\"6536d5f\" data-element_type=\"widget\" data-e-type=\"widget\" data-widget_type=\"spacer.default\">\n\t\t\t\t\t\t\t<div class=\"elementor-spacer\">\n\t\t\t<div class=\"elementor-spacer-inner\"><\/div>\n\t\t<\/div>\n\t\t\t\t\t\t<\/div>\n\t\t\t\t<div class=\"elementor-element elementor-element-9b32f7e elementor-widget elementor-widget-heading\" data-id=\"9b32f7e\" data-element_type=\"widget\" data-e-type=\"widget\" data-widget_type=\"heading.default\">\n\t\t\t\t\t<h2 class=\"elementor-heading-title elementor-size-default\">Lean-Lab Artikel zur Studie (Pre-Print)<\/h2>\t\t\t\t<\/div>\n\t\t\t\t\t<\/div>\n\t\t\t\t<\/div>\n\t\t<div class=\"elementor-element elementor-element-7483307 e-flex e-con-boxed e-con e-parent\" data-id=\"7483307\" data-element_type=\"container\" data-e-type=\"container\" data-settings=\"{&quot;background_background&quot;:&quot;classic&quot;}\">\n\t\t\t\t\t<div class=\"e-con-inner\">\n\t\t<div class=\"elementor-element elementor-element-4ed2254 e-con-full e-flex e-con e-child\" data-id=\"4ed2254\" data-element_type=\"container\" data-e-type=\"container\">\n\t\t\t\t<div class=\"elementor-element elementor-element-f4da156 elementor-widget elementor-widget-image\" data-id=\"f4da156\" data-element_type=\"widget\" data-e-type=\"widget\" data-widget_type=\"image.default\">\n\t\t\t\t\t\t\t\t\t\t\t\t\t\t\t<img decoding=\"async\" width=\"400\" height=\"521\" src=\"https:\/\/www.geniu.com\/wp-content\/uploads\/2024\/11\/20-Jahre-Lean-Lab_Artikel-Cover_pic-400x521-1.jpg\" class=\"attachment-medium_large size-medium_large wp-image-2103\" alt=\"\" srcset=\"https:\/\/www.geniu.com\/wp-content\/uploads\/2024\/11\/20-Jahre-Lean-Lab_Artikel-Cover_pic-400x521-1.jpg 400w, https:\/\/www.geniu.com\/wp-content\/uploads\/2024\/11\/20-Jahre-Lean-Lab_Artikel-Cover_pic-400x521-1-230x300.jpg 230w\" sizes=\"(max-width: 400px) 100vw, 400px\" \/>\t\t\t\t\t\t\t\t\t\t\t\t\t\t\t<\/div>\n\t\t\t\t<\/div>\n\t\t<div class=\"elementor-element elementor-element-453ee6f e-con-full e-flex e-con e-child\" data-id=\"453ee6f\" data-element_type=\"container\" data-e-type=\"container\">\n\t\t\t\t<div class=\"elementor-element elementor-element-293bd0c elementor-widget elementor-widget-text-editor\" data-id=\"293bd0c\" data-element_type=\"widget\" data-e-type=\"widget\" data-widget_type=\"text-editor.default\">\n\t\t\t\t\t\t\t\t\t<p>Die Studie \u201eThe Impact of Lean Lab\u201c ist die umfassendste ihrer Art. Sie untersucht die Anwendung von Lean Management in den 20 Jahren seit dem ersten Lean Lab Projekt in 2001.<\/p><p>Mehr als 100 Publikationen wurden im Detail untersucht. In einer Meta-Analyse wurde empirisch untersucht, wie hoch der Nutzen einer erfolgreichen Laboroptimierung mit Lean Lab-Techniken in der Praxis ist.<\/p><p>Die Studie liefert einzigartige Erkenntnisse zu Entwicklung und Anwendung von Lean Lab und zum Nutzen von Lean in Laboren. Ein \u201eMuss\u201c f\u00fcr alle, die Lean im Labor etablieren m\u00f6chten.<\/p>\t\t\t\t\t\t\t\t<\/div>\n\t\t\t\t<div class=\"elementor-element elementor-element-0f5c75e elementor-align-right elementor-widget elementor-widget-button\" data-id=\"0f5c75e\" data-element_type=\"widget\" data-e-type=\"widget\" data-widget_type=\"button.default\">\n\t\t\t\t\t\t\t\t\t\t<a class=\"elementor-button elementor-button-link elementor-size-sm\" href=\"\/kontakt\/?source=study\" title=\"Weitere Informationen\">\n\t\t\t\t\t\t<span class=\"elementor-button-content-wrapper\">\n\t\t\t\t\t\t\t\t\t<span class=\"elementor-button-text\">Download anfragen<\/span>\n\t\t\t\t\t<\/span>\n\t\t\t\t\t<\/a>\n\t\t\t\t\t\t\t\t<\/div>\n\t\t\t\t<\/div>\n\t\t\t\t\t<\/div>\n\t\t\t\t<\/div>\n\t\t<div class=\"elementor-element elementor-element-3d439dd e-flex e-con-boxed e-con e-parent\" data-id=\"3d439dd\" data-element_type=\"container\" data-e-type=\"container\">\n\t\t\t\t\t<div class=\"e-con-inner\">\n\t\t\t\t<div class=\"elementor-element elementor-element-bd07201 elementor-widget elementor-widget-spacer\" data-id=\"bd07201\" data-element_type=\"widget\" data-e-type=\"widget\" data-widget_type=\"spacer.default\">\n\t\t\t\t\t\t\t<div class=\"elementor-spacer\">\n\t\t\t<div class=\"elementor-spacer-inner\"><\/div>\n\t\t<\/div>\n\t\t\t\t\t\t<\/div>\n\t\t\t\t<div class=\"elementor-element elementor-element-6dbdd03 elementor-widget elementor-widget-heading\" data-id=\"6dbdd03\" data-element_type=\"widget\" data-e-type=\"widget\" data-widget_type=\"heading.default\">\n\t\t\t\t\t<h2 class=\"elementor-heading-title elementor-size-default\">Presse &amp; Vortr\u00e4ge<\/h2>\t\t\t\t<\/div>\n\t\t\t\t<div class=\"elementor-element elementor-element-8192dd3 elementor-widget elementor-widget-spacer\" data-id=\"8192dd3\" data-element_type=\"widget\" data-e-type=\"widget\" data-widget_type=\"spacer.default\">\n\t\t\t\t\t\t\t<div class=\"elementor-spacer\">\n\t\t\t<div class=\"elementor-spacer-inner\"><\/div>\n\t\t<\/div>\n\t\t\t\t\t\t<\/div>\n\t\t\t\t\t<\/div>\n\t\t\t\t<\/div>\n\t\t<div class=\"elementor-element elementor-element-3ba8a3f e-flex e-con-boxed e-con e-parent\" data-id=\"3ba8a3f\" data-element_type=\"container\" data-e-type=\"container\">\n\t\t\t\t\t<div class=\"e-con-inner\">\n\t\t<div class=\"elementor-element elementor-element-44f343f e-con-full e-flex e-con e-child\" data-id=\"44f343f\" data-element_type=\"container\" data-e-type=\"container\">\n\t\t\t\t<div class=\"elementor-element elementor-element-ef898ed elementor-widget elementor-widget-image\" data-id=\"ef898ed\" data-element_type=\"widget\" data-e-type=\"widget\" data-widget_type=\"image.default\">\n\t\t\t\t\t\t\t\t\t\t\t\t\t\t\t<img decoding=\"async\" width=\"209\" height=\"300\" src=\"https:\/\/www.geniu.com\/wp-content\/uploads\/2024\/11\/20-Jahre-Lean-Lab_Pressemitteilung_pic-400x573-1-209x300.jpg\" class=\"attachment-medium size-medium wp-image-2104\" alt=\"\" srcset=\"https:\/\/www.geniu.com\/wp-content\/uploads\/2024\/11\/20-Jahre-Lean-Lab_Pressemitteilung_pic-400x573-1-209x300.jpg 209w, https:\/\/www.geniu.com\/wp-content\/uploads\/2024\/11\/20-Jahre-Lean-Lab_Pressemitteilung_pic-400x573-1.jpg 400w\" sizes=\"(max-width: 209px) 100vw, 209px\" \/>\t\t\t\t\t\t\t\t\t\t\t\t\t\t\t<\/div>\n\t\t\t\t<div class=\"elementor-element elementor-element-72ceeeb elementor-align-center elementor-widget elementor-widget-button\" data-id=\"72ceeeb\" data-element_type=\"widget\" data-e-type=\"widget\" data-widget_type=\"button.default\">\n\t\t\t\t\t\t\t\t\t\t<a class=\"elementor-button elementor-button-link elementor-size-sm\" href=\"https:\/\/www.geniu.com\/wp-content\/uploads\/2024\/11\/Pressemitteilung-Geniu_20-Jahre-Lean-Lab_v4F.pdf\" title=\"Weitere Informationen\">\n\t\t\t\t\t\t<span class=\"elementor-button-content-wrapper\">\n\t\t\t\t\t\t\t\t\t<span class=\"elementor-button-text\">Jetzt downloaden<\/span>\n\t\t\t\t\t<\/span>\n\t\t\t\t\t<\/a>\n\t\t\t\t\t\t\t\t<\/div>\n\t\t\t\t<\/div>\n\t\t<div class=\"elementor-element elementor-element-2eb094a e-con-full e-flex e-con e-child\" data-id=\"2eb094a\" data-element_type=\"container\" data-e-type=\"container\">\n\t\t\t\t<div class=\"elementor-element elementor-element-0c7d0dd elementor-widget elementor-widget-heading\" data-id=\"0c7d0dd\" data-element_type=\"widget\" data-e-type=\"widget\" data-widget_type=\"heading.default\">\n\t\t\t\t\t<h5 class=\"elementor-heading-title elementor-size-default\">Pressekontakt<\/h5>\t\t\t\t<\/div>\n\t\t\t\t<div class=\"elementor-element elementor-element-3a321dd elementor-widget elementor-widget-text-editor\" data-id=\"3a321dd\" data-element_type=\"widget\" data-e-type=\"widget\" data-widget_type=\"text-editor.default\">\n\t\t\t\t\t\t\t\t\t<p>Falls Sie \u00fcber die Studie berichten m\u00f6chten und weitere Informationen ben\u00f6tigen kontaktieren Sie uns gerne unter\u00a0<a href=\"mailto:info@geniu.com\" title=\"Weitere Informationen\">info@geniu.com<\/a>.<\/p>\t\t\t\t\t\t\t\t<\/div>\n\t\t\t\t<div class=\"elementor-element elementor-element-aa7dd83 elementor-widget elementor-widget-heading\" data-id=\"aa7dd83\" data-element_type=\"widget\" data-e-type=\"widget\" data-widget_type=\"heading.default\">\n\t\t\t\t\t<h5 class=\"elementor-heading-title elementor-size-default\">Vortr\u00e4ge<\/h5>\t\t\t\t<\/div>\n\t\t\t\t<div class=\"elementor-element elementor-element-f27d236 elementor-widget elementor-widget-text-editor\" data-id=\"f27d236\" data-element_type=\"widget\" data-e-type=\"widget\" data-widget_type=\"text-editor.default\">\n\t\t\t\t\t\t\t\t\t<p>Sie m\u00f6chten einen spannenden Vortrag (online oder vor Ort) auf Ihrer Konferenz oder internen Veranstaltung (Workshop, Schulung etc.)? Sprechen Sie uns gerne an.\u00a0<a href=\"mailto:info@geniu.com\" title=\"Weitere Informationen\">info@geniu.com<\/a>.<\/p>\t\t\t\t\t\t\t\t<\/div>\n\t\t\t\t<\/div>\n\t\t\t\t\t<\/div>\n\t\t\t\t<\/div>\n\t\t<div class=\"elementor-element elementor-element-de8b3a9 e-flex e-con-boxed e-con e-parent\" data-id=\"de8b3a9\" data-element_type=\"container\" data-e-type=\"container\">\n\t\t\t\t\t<div class=\"e-con-inner\">\n\t\t\t\t<div class=\"elementor-element elementor-element-1aec868 elementor-widget elementor-widget-button\" data-id=\"1aec868\" data-element_type=\"widget\" data-e-type=\"widget\" data-widget_type=\"button.default\">\n\t\t\t\t\t\t\t\t\t\t<a class=\"elementor-button elementor-button-link elementor-size-sm\" href=\"#\" title=\"Weitere Informationen\">\n\t\t\t\t\t\t<span class=\"elementor-button-content-wrapper\">\n\t\t\t\t\t\t\t\t\t<span class=\"elementor-button-text\">Mit einem Berater sprechen<\/span>\n\t\t\t\t\t<\/span>\n\t\t\t\t\t<\/a>\n\t\t\t\t\t\t\t\t<\/div>\n\t\t\t\t<div class=\"elementor-element elementor-element-c5cda96 elementor-widget elementor-widget-button\" data-id=\"c5cda96\" data-element_type=\"widget\" data-e-type=\"widget\" data-widget_type=\"button.default\">\n\t\t\t\t\t\t\t\t\t\t<a class=\"elementor-button elementor-button-link elementor-size-sm\" href=\"https:\/\/www.geniu.com\/de\/themen\/lean-lab\/\" title=\"Weitere Informationen\">\n\t\t\t\t\t\t<span class=\"elementor-button-content-wrapper\">\n\t\t\t\t\t\t\t\t\t<span class=\"elementor-button-text\">Mehr \u00fcber Lean Lab erfahren<\/span>\n\t\t\t\t\t<\/span>\n\t\t\t\t\t<\/a>\n\t\t\t\t\t\t\t\t<\/div>\n\t\t\t\t\t<\/div>\n\t\t\t\t<\/div>\n\t\t\t\t<\/div>\n\t\t","protected":false},"excerpt":{"rendered":"<p>20 Jahre Lean Management im Labor Das Jahr 2021 markiert einen Meilenstein in der Anwendung von Lean Management in Laboren. Nach dem ersten \u201eLean Lab\u201c-Projekt im Jahr 2001 und Tausenden von Projekten in verschiedenen Laboren weltweit gilt Lean Management als \u201eKlassiker\u201c zur Optimierung von Laboren. Daher ist es 20 Jahre sp\u00e4ter an der Zeit, den [&hellip;]<\/p>\n","protected":false},"author":1,"featured_media":0,"parent":0,"menu_order":0,"comment_status":"closed","ping_status":"closed","template":"","meta":{"_acf_changed":false,"site-sidebar-layout":"no-sidebar","site-content-layout":"page-builder","ast-site-content-layout":"full-width-container","site-content-style":"unboxed","site-sidebar-style":"unboxed","ast-global-header-display":"","ast-banner-title-visibility":"","ast-main-header-display":"","ast-hfb-above-header-display":"","ast-hfb-below-header-display":"","ast-hfb-mobile-header-display":"","site-post-title":"disabled","ast-breadcrumbs-content":"","ast-featured-img":"disabled","footer-sml-layout":"","ast-disable-related-posts":"","theme-transparent-header-meta":"default","adv-header-id-meta":"","stick-header-meta":"","header-above-stick-meta":"","header-main-stick-meta":"","header-below-stick-meta":"","astra-migrate-meta-layouts":"set","ast-page-background-enabled":"default","ast-page-background-meta":{"desktop":{"background-color":"var(--ast-global-color-4)","background-image":"","background-repeat":"repeat","background-position":"center center","background-size":"auto","background-attachment":"scroll","background-type":"","background-media":"","overlay-type":"","overlay-color":"","overlay-opacity":"","overlay-gradient":""},"tablet":{"background-color":"","background-image":"","background-repeat":"repeat","background-position":"center center","background-size":"auto","background-attachment":"scroll","background-type":"","background-media":"","overlay-type":"","overlay-color":"","overlay-opacity":"","overlay-gradient":""},"mobile":{"background-color":"","background-image":"","background-repeat":"repeat","background-position":"center center","background-size":"auto","background-attachment":"scroll","background-type":"","background-media":"","overlay-type":"","overlay-color":"","overlay-opacity":"","overlay-gradient":""}},"ast-content-background-meta":{"desktop":{"background-color":"var(--ast-global-color-5)","background-image":"","background-repeat":"repeat","background-position":"center center","background-size":"auto","background-attachment":"scroll","background-type":"","background-media":"","overlay-type":"","overlay-color":"","overlay-opacity":"","overlay-gradient":""},"tablet":{"background-color":"var(--ast-global-color-5)","background-image":"","background-repeat":"repeat","background-position":"center center","background-size":"auto","background-attachment":"scroll","background-type":"","background-media":"","overlay-type":"","overlay-color":"","overlay-opacity":"","overlay-gradient":""},"mobile":{"background-color":"var(--ast-global-color-5)","background-image":"","background-repeat":"repeat","background-position":"center center","background-size":"auto","background-attachment":"scroll","background-type":"","background-media":"","overlay-type":"","overlay-color":"","overlay-opacity":"","overlay-gradient":""}},"footnotes":""},"class_list":["post-2100","page","type-page","status-publish","hentry"],"acf":[],"yoast_head":"<!-- This site is optimized with the Yoast SEO plugin v27.5 - https:\/\/yoast.com\/product\/yoast-seo-wordpress\/ -->\n<title>20 Jahre Lean Lab - Beratung und Weiterbildung f\u00fcr Labore | Geniu<\/title>\n<meta name=\"robots\" content=\"index, follow, max-snippet:-1, max-image-preview:large, max-video-preview:-1\" \/>\n<link rel=\"canonical\" href=\"https:\/\/www.geniu.com\/de\/20-jahre-lean-lab\/\" \/>\n<meta property=\"og:locale\" content=\"de_DE\" \/>\n<meta property=\"og:type\" content=\"article\" \/>\n<meta property=\"og:title\" content=\"20 Jahre Lean Lab - Beratung und Weiterbildung f\u00fcr Labore | Geniu\" \/>\n<meta property=\"og:description\" content=\"20 Jahre Lean Management im Labor Das Jahr 2021 markiert einen Meilenstein in der Anwendung von Lean Management in Laboren. Nach dem ersten \u201eLean Lab\u201c-Projekt im Jahr 2001 und Tausenden von Projekten in verschiedenen Laboren weltweit gilt Lean Management als \u201eKlassiker\u201c zur Optimierung von Laboren. Daher ist es 20 Jahre sp\u00e4ter an der Zeit, den [&hellip;]\" \/>\n<meta property=\"og:url\" content=\"https:\/\/www.geniu.com\/de\/20-jahre-lean-lab\/\" \/>\n<meta property=\"og:site_name\" content=\"Geniu\" \/>\n<meta property=\"article:publisher\" content=\"https:\/\/www.facebook.com\/Geniu-1574654296173059\" \/>\n<meta property=\"article:modified_time\" content=\"2026-05-07T08:01:19+00:00\" \/>\n<meta property=\"og:image\" content=\"https:\/\/www.geniu.com\/wp-content\/uploads\/2024\/10\/20-400x236-1.png\" \/>\n\t<meta property=\"og:image:width\" content=\"400\" \/>\n\t<meta property=\"og:image:height\" content=\"236\" \/>\n\t<meta property=\"og:image:type\" content=\"image\/png\" \/>\n<meta name=\"twitter:card\" content=\"summary_large_image\" \/>\n<meta name=\"twitter:label1\" content=\"Gesch\u00e4tzte Lesezeit\" \/>\n\t<meta name=\"twitter:data1\" content=\"2\u00a0Minuten\" \/>\n<script type=\"application\/ld+json\" class=\"yoast-schema-graph\">{\"@context\":\"https:\\\/\\\/schema.org\",\"@graph\":[{\"@type\":\"WebPage\",\"@id\":\"https:\\\/\\\/www.geniu.com\\\/de\\\/20-jahre-lean-lab\\\/\",\"url\":\"https:\\\/\\\/www.geniu.com\\\/de\\\/20-jahre-lean-lab\\\/\",\"name\":\"20 Jahre Lean Lab - Beratung und Weiterbildung f\u00fcr Labore | Geniu\",\"isPartOf\":{\"@id\":\"https:\\\/\\\/www.geniu.com\\\/de\\\/#website\"},\"primaryImageOfPage\":{\"@id\":\"https:\\\/\\\/www.geniu.com\\\/de\\\/20-jahre-lean-lab\\\/#primaryimage\"},\"image\":{\"@id\":\"https:\\\/\\\/www.geniu.com\\\/de\\\/20-jahre-lean-lab\\\/#primaryimage\"},\"thumbnailUrl\":\"https:\\\/\\\/www.geniu.com\\\/wp-content\\\/uploads\\\/2024\\\/10\\\/20-400x236-1-300x177.png\",\"datePublished\":\"2024-11-10T16:00:54+00:00\",\"dateModified\":\"2026-05-07T08:01:19+00:00\",\"breadcrumb\":{\"@id\":\"https:\\\/\\\/www.geniu.com\\\/de\\\/20-jahre-lean-lab\\\/#breadcrumb\"},\"inLanguage\":\"de\",\"potentialAction\":[{\"@type\":\"ReadAction\",\"target\":[\"https:\\\/\\\/www.geniu.com\\\/de\\\/20-jahre-lean-lab\\\/\"]}]},{\"@type\":\"ImageObject\",\"inLanguage\":\"de\",\"@id\":\"https:\\\/\\\/www.geniu.com\\\/de\\\/20-jahre-lean-lab\\\/#primaryimage\",\"url\":\"https:\\\/\\\/www.geniu.com\\\/wp-content\\\/uploads\\\/2024\\\/10\\\/20-400x236-1-300x177.png\",\"contentUrl\":\"https:\\\/\\\/www.geniu.com\\\/wp-content\\\/uploads\\\/2024\\\/10\\\/20-400x236-1-300x177.png\"},{\"@type\":\"BreadcrumbList\",\"@id\":\"https:\\\/\\\/www.geniu.com\\\/de\\\/20-jahre-lean-lab\\\/#breadcrumb\",\"itemListElement\":[{\"@type\":\"ListItem\",\"position\":1,\"name\":\"Home\",\"item\":\"https:\\\/\\\/www.geniu.com\\\/de\\\/\"},{\"@type\":\"ListItem\",\"position\":2,\"name\":\"20 Jahre Lean Lab\"}]},{\"@type\":\"WebSite\",\"@id\":\"https:\\\/\\\/www.geniu.com\\\/de\\\/#website\",\"url\":\"https:\\\/\\\/www.geniu.com\\\/de\\\/\",\"name\":\"Geniu\",\"description\":\"Weiterbildung und Beratung f\u00fcr Labore\",\"publisher\":{\"@id\":\"https:\\\/\\\/www.geniu.com\\\/de\\\/#organization\"},\"potentialAction\":[{\"@type\":\"SearchAction\",\"target\":{\"@type\":\"EntryPoint\",\"urlTemplate\":\"https:\\\/\\\/www.geniu.com\\\/de\\\/?s={search_term_string}\"},\"query-input\":{\"@type\":\"PropertyValueSpecification\",\"valueRequired\":true,\"valueName\":\"search_term_string\"}}],\"inLanguage\":\"de\"},{\"@type\":\"Organization\",\"@id\":\"https:\\\/\\\/www.geniu.com\\\/de\\\/#organization\",\"name\":\"Geniu GmbH\",\"alternateName\":\"Geniu\",\"url\":\"https:\\\/\\\/www.geniu.com\\\/de\\\/\",\"logo\":{\"@type\":\"ImageObject\",\"inLanguage\":\"de\",\"@id\":\"https:\\\/\\\/www.geniu.com\\\/de\\\/#\\\/schema\\\/logo\\\/image\\\/\",\"url\":\"\",\"contentUrl\":\"\",\"caption\":\"Geniu GmbH\"},\"image\":{\"@id\":\"https:\\\/\\\/www.geniu.com\\\/de\\\/#\\\/schema\\\/logo\\\/image\\\/\"},\"sameAs\":[\"https:\\\/\\\/www.facebook.com\\\/Geniu-1574654296173059\",\"https:\\\/\\\/www.linkedin.com\\\/company\\\/geniu-gmbh\",\"https:\\\/\\\/www.xing.com\\\/companies\\\/geniu?literal=Geniu\",\"https:\\\/\\\/www.youtube.com\\\/channel\\\/UCotSWDP-a-Lbn2o0KbOpbBA\"]}]}<\/script>\n<!-- \/ Yoast SEO plugin. -->","yoast_head_json":{"title":"20 Jahre Lean Lab - Beratung und Weiterbildung f\u00fcr Labore | Geniu","robots":{"index":"index","follow":"follow","max-snippet":"max-snippet:-1","max-image-preview":"max-image-preview:large","max-video-preview":"max-video-preview:-1"},"canonical":"https:\/\/www.geniu.com\/de\/20-jahre-lean-lab\/","og_locale":"de_DE","og_type":"article","og_title":"20 Jahre Lean Lab - Beratung und Weiterbildung f\u00fcr Labore | Geniu","og_description":"20 Jahre Lean Management im Labor Das Jahr 2021 markiert einen Meilenstein in der Anwendung von Lean Management in Laboren. Nach dem ersten \u201eLean Lab\u201c-Projekt im Jahr 2001 und Tausenden von Projekten in verschiedenen Laboren weltweit gilt Lean Management als \u201eKlassiker\u201c zur Optimierung von Laboren. Daher ist es 20 Jahre sp\u00e4ter an der Zeit, den [&hellip;]","og_url":"https:\/\/www.geniu.com\/de\/20-jahre-lean-lab\/","og_site_name":"Geniu","article_publisher":"https:\/\/www.facebook.com\/Geniu-1574654296173059","article_modified_time":"2026-05-07T08:01:19+00:00","og_image":[{"width":400,"height":236,"url":"https:\/\/www.geniu.com\/wp-content\/uploads\/2024\/10\/20-400x236-1.png","type":"image\/png"}],"twitter_card":"summary_large_image","twitter_misc":{"Gesch\u00e4tzte Lesezeit":"2\u00a0Minuten"},"schema":{"@context":"https:\/\/schema.org","@graph":[{"@type":"WebPage","@id":"https:\/\/www.geniu.com\/de\/20-jahre-lean-lab\/","url":"https:\/\/www.geniu.com\/de\/20-jahre-lean-lab\/","name":"20 Jahre Lean Lab - Beratung und Weiterbildung f\u00fcr Labore | Geniu","isPartOf":{"@id":"https:\/\/www.geniu.com\/de\/#website"},"primaryImageOfPage":{"@id":"https:\/\/www.geniu.com\/de\/20-jahre-lean-lab\/#primaryimage"},"image":{"@id":"https:\/\/www.geniu.com\/de\/20-jahre-lean-lab\/#primaryimage"},"thumbnailUrl":"https:\/\/www.geniu.com\/wp-content\/uploads\/2024\/10\/20-400x236-1-300x177.png","datePublished":"2024-11-10T16:00:54+00:00","dateModified":"2026-05-07T08:01:19+00:00","breadcrumb":{"@id":"https:\/\/www.geniu.com\/de\/20-jahre-lean-lab\/#breadcrumb"},"inLanguage":"de","potentialAction":[{"@type":"ReadAction","target":["https:\/\/www.geniu.com\/de\/20-jahre-lean-lab\/"]}]},{"@type":"ImageObject","inLanguage":"de","@id":"https:\/\/www.geniu.com\/de\/20-jahre-lean-lab\/#primaryimage","url":"https:\/\/www.geniu.com\/wp-content\/uploads\/2024\/10\/20-400x236-1-300x177.png","contentUrl":"https:\/\/www.geniu.com\/wp-content\/uploads\/2024\/10\/20-400x236-1-300x177.png"},{"@type":"BreadcrumbList","@id":"https:\/\/www.geniu.com\/de\/20-jahre-lean-lab\/#breadcrumb","itemListElement":[{"@type":"ListItem","position":1,"name":"Home","item":"https:\/\/www.geniu.com\/de\/"},{"@type":"ListItem","position":2,"name":"20 Jahre Lean Lab"}]},{"@type":"WebSite","@id":"https:\/\/www.geniu.com\/de\/#website","url":"https:\/\/www.geniu.com\/de\/","name":"Geniu","description":"Weiterbildung und Beratung f\u00fcr Labore","publisher":{"@id":"https:\/\/www.geniu.com\/de\/#organization"},"potentialAction":[{"@type":"SearchAction","target":{"@type":"EntryPoint","urlTemplate":"https:\/\/www.geniu.com\/de\/?s={search_term_string}"},"query-input":{"@type":"PropertyValueSpecification","valueRequired":true,"valueName":"search_term_string"}}],"inLanguage":"de"},{"@type":"Organization","@id":"https:\/\/www.geniu.com\/de\/#organization","name":"Geniu GmbH","alternateName":"Geniu","url":"https:\/\/www.geniu.com\/de\/","logo":{"@type":"ImageObject","inLanguage":"de","@id":"https:\/\/www.geniu.com\/de\/#\/schema\/logo\/image\/","url":"","contentUrl":"","caption":"Geniu GmbH"},"image":{"@id":"https:\/\/www.geniu.com\/de\/#\/schema\/logo\/image\/"},"sameAs":["https:\/\/www.facebook.com\/Geniu-1574654296173059","https:\/\/www.linkedin.com\/company\/geniu-gmbh","https:\/\/www.xing.com\/companies\/geniu?literal=Geniu","https:\/\/www.youtube.com\/channel\/UCotSWDP-a-Lbn2o0KbOpbBA"]}]}},"jetpack_sharing_enabled":true,"_links":{"self":[{"href":"https:\/\/www.geniu.com\/de\/wp-json\/wp\/v2\/pages\/2100","targetHints":{"allow":["GET"]}}],"collection":[{"href":"https:\/\/www.geniu.com\/de\/wp-json\/wp\/v2\/pages"}],"about":[{"href":"https:\/\/www.geniu.com\/de\/wp-json\/wp\/v2\/types\/page"}],"author":[{"embeddable":true,"href":"https:\/\/www.geniu.com\/de\/wp-json\/wp\/v2\/users\/1"}],"replies":[{"embeddable":true,"href":"https:\/\/www.geniu.com\/de\/wp-json\/wp\/v2\/comments?post=2100"}],"version-history":[{"count":6,"href":"https:\/\/www.geniu.com\/de\/wp-json\/wp\/v2\/pages\/2100\/revisions"}],"predecessor-version":[{"id":107522,"href":"https:\/\/www.geniu.com\/de\/wp-json\/wp\/v2\/pages\/2100\/revisions\/107522"}],"wp:attachment":[{"href":"https:\/\/www.geniu.com\/de\/wp-json\/wp\/v2\/media?parent=2100"}],"curies":[{"name":"wp","href":"https:\/\/api.w.org\/{rel}","templated":true}]}}