{"id":65543,"date":"2024-12-03T12:59:51","date_gmt":"2024-12-03T11:59:51","guid":{"rendered":"https:\/\/www.geniu.com\/?page_id=65543"},"modified":"2025-07-05T10:21:07","modified_gmt":"2025-07-05T08:21:07","slug":"impressum","status":"publish","type":"page","link":"https:\/\/www.geniu.com\/de\/impressum\/","title":{"rendered":"Impressum"},"content":{"rendered":"\t\t<div data-elementor-type=\"wp-page\" data-elementor-id=\"65543\" class=\"elementor elementor-65543\" data-elementor-post-type=\"page\">\n\t\t\t\t<div class=\"elementor-element elementor-element-58aeef9 e-flex e-con-boxed e-con e-parent\" data-id=\"58aeef9\" data-element_type=\"container\" data-e-type=\"container\" data-settings=\"{&quot;background_background&quot;:&quot;classic&quot;}\">\n\t\t\t\t\t<div class=\"e-con-inner\">\n\t\t\t\t\t<\/div>\n\t\t\t\t<\/div>\n\t\t<div class=\"elementor-element elementor-element-f2f7ace e-flex e-con-boxed e-con e-parent\" data-id=\"f2f7ace\" data-element_type=\"container\" data-e-type=\"container\">\n\t\t\t\t\t<div class=\"e-con-inner\">\n\t\t\t\t<div class=\"elementor-element elementor-element-7566d47 elementor-widget elementor-widget-text-editor\" data-id=\"7566d47\" data-element_type=\"widget\" data-e-type=\"widget\" data-widget_type=\"text-editor.default\">\n\t\t\t\t\t\t\t\t\t<h2 class=\"fusion-responsive-typography-calculated\" data-fontsize=\"24\" data-lineheight=\"36px\">Angaben zum Betreiber<\/h2><p>Geniu GmbH<br \/>Wartenau 16 B<br \/>22089 Hamburg<\/p><p>Handelsregister: HRB 141790<br \/>Registergericht: Amtsgericht Hamburg<\/p><p><strong>Vertreten durch die Gesch\u00e4ftsf\u00fchrer:<\/strong><br \/>Gesch\u00e4ftsf\u00fchrer: Dr. Wolf-Christian Gerstner<\/p><h2 class=\"fusion-responsive-typography-calculated\" data-fontsize=\"24\" data-lineheight=\"36px\">Kontakt<\/h2><p>Telefon: +49 40 \/ 303 722 45<br \/>E-Mail: info@geniu.com<\/p><h2 class=\"fusion-responsive-typography-calculated\" data-fontsize=\"24\" data-lineheight=\"36px\">Umsatzsteuer<\/h2><p>Umsatzsteuer-Identifikationsnummer gem\u00e4\u00df \u00a727 a Umsatzsteuergesetz:<br \/>DE306549937<\/p><h2 class=\"fusion-responsive-typography-calculated\" data-fontsize=\"24\" data-lineheight=\"36px\">Angaben zur Berufshaftpflichtversicherung<\/h2><p><strong>Name und Sitz des Versicherers:<\/strong><br \/>Ergo Versicherung AG<br \/>Victoriaplatz 1<br \/>40477 D\u00fcsseldorf<\/p><p><strong>Geltungsraum der Versicherung:<\/strong><br \/>weltweit exkl. USA\/Kanada<\/p><h2 class=\"fusion-responsive-typography-calculated\" data-fontsize=\"24\" data-lineheight=\"36px\">Verantwortlich f\u00fcr den Inhalt nach \u00a7 55 Abs. 2 RStV<\/h2><p>Dr. Wolf-Christian Gerstner<br \/>Wartenau 16 B<br \/>22089 Hamburg<\/p><h3 class=\"fusion-responsive-typography-calculated\" data-fontsize=\"22\" data-lineheight=\"31.02px\">Haftung f\u00fcr Inhalte<\/h3><p>Als Diensteanbieter sind wir gem\u00e4\u00df \u00a7 7 Abs.1 TMG f\u00fcr eigene Inhalte auf diesen Seiten nach den allgemeinen Gesetzen verantwortlich. Nach \u00a7\u00a7 8 bis 10 TMG sind wir als Diensteanbieter jedoch nicht verpflichtet, \u00fcbermittelte oder gespeicherte fremde Informationen zu \u00fcberwachen oder nach Umst\u00e4nden zu forschen, die auf eine rechtswidrige T\u00e4tigkeit hinweisen.<\/p><p>Verpflichtungen zur Entfernung oder Sperrung der Nutzung von Informationen nach den allgemeinen Gesetzen bleiben hiervon unber\u00fchrt. Eine diesbez\u00fcgliche Haftung ist jedoch erst ab dem Zeitpunkt der Kenntnis einer konkreten Rechtsverletzung m\u00f6glich. Bei Bekanntwerden von entsprechenden Rechtsverletzungen werden wir diese Inhalte umgehend entfernen.<\/p><h3 class=\"fusion-responsive-typography-calculated\" data-fontsize=\"22\" data-lineheight=\"31.02px\">Haftung f\u00fcr Links<\/h3><p>Unser Angebot enth\u00e4lt Links zu externen Websites Dritter, auf deren Inhalte wir keinen Einfluss haben. Deshalb k\u00f6nnen wir f\u00fcr diese fremden Inhalte auch keine Gew\u00e4hr \u00fcbernehmen. F\u00fcr die Inhalte der verlinkten Seiten ist stets der jeweilige Anbieter oder Betreiber der Seiten verantwortlich. Die verlinkten Seiten wurden zum Zeitpunkt der Verlinkung auf m\u00f6gliche Rechtsverst\u00f6\u00dfe \u00fcberpr\u00fcft. Rechtswidrige Inhalte waren zum Zeitpunkt der Verlinkung nicht erkennbar.<\/p><p>Eine permanente inhaltliche Kontrolle der verlinkten Seiten ist jedoch ohne konkrete Anhaltspunkte einer Rechtsverletzung nicht zumutbar. Bei Bekanntwerden von Rechtsverletzungen werden wir derartige Links umgehend entfernen.<\/p><h3 class=\"fusion-responsive-typography-calculated\" data-fontsize=\"22\" data-lineheight=\"31.02px\">Urheberrecht<\/h3><p>Die durch die Seitenbetreiber erstellten Inhalte und Werke auf diesen Seiten unterliegen dem deutschen Urheberrecht. Die Vervielf\u00e4ltigung, Bearbeitung, Verbreitung und jede Art der Verwertung au\u00dferhalb der Grenzen des Urheberrechtes bed\u00fcrfen der schriftlichen Zustimmung des jeweiligen Autors bzw. Erstellers. Downloads und Kopien dieser Seite sind nur f\u00fcr den privaten, nicht kommerziellen Gebrauch gestattet.<\/p><p>Soweit die Inhalte auf dieser Seite nicht vom Betreiber erstellt wurden, werden die Urheberrechte Dritter beachtet. Insbesondere werden Inhalte Dritter als solche gekennzeichnet. Sollten Sie trotzdem auf eine Urheberrechtsverletzung aufmerksam werden, bitten wir um einen entsprechenden Hinweis. Bei Bekanntwerden von Rechtsverletzungen werden wir derartige Inhalte umgehend entfernen.<\/p>\t\t\t\t\t\t\t\t<\/div>\n\t\t\t\t\t<\/div>\n\t\t\t\t<\/div>\n\t\t\t\t<\/div>\n\t\t","protected":false},"excerpt":{"rendered":"<p>Angaben zum Betreiber Geniu GmbHWartenau 16 B22089 Hamburg Handelsregister: HRB 141790Registergericht: Amtsgericht Hamburg Vertreten durch die Gesch\u00e4ftsf\u00fchrer:Gesch\u00e4ftsf\u00fchrer: Dr. Wolf-Christian Gerstner Kontakt Telefon: +49 40 \/ 303 722 45E-Mail: info@geniu.com Umsatzsteuer Umsatzsteuer-Identifikationsnummer gem\u00e4\u00df \u00a727 a Umsatzsteuergesetz:DE306549937 Angaben zur Berufshaftpflichtversicherung Name und Sitz des Versicherers:Ergo Versicherung AGVictoriaplatz 140477 D\u00fcsseldorf Geltungsraum der Versicherung:weltweit exkl. USA\/Kanada Verantwortlich f\u00fcr den [&hellip;]<\/p>\n","protected":false},"author":1,"featured_media":0,"parent":0,"menu_order":0,"comment_status":"closed","ping_status":"closed","template":"","meta":{"_acf_changed":false,"site-sidebar-layout":"no-sidebar","site-content-layout":"page-builder","ast-site-content-layout":"full-width-container","site-content-style":"unboxed","site-sidebar-style":"unboxed","ast-global-header-display":"","ast-banner-title-visibility":"","ast-main-header-display":"","ast-hfb-above-header-display":"","ast-hfb-below-header-display":"","ast-hfb-mobile-header-display":"","site-post-title":"disabled","ast-breadcrumbs-content":"","ast-featured-img":"disabled","footer-sml-layout":"","ast-disable-related-posts":"","theme-transparent-header-meta":"default","adv-header-id-meta":"","stick-header-meta":"","header-above-stick-meta":"","header-main-stick-meta":"","header-below-stick-meta":"","astra-migrate-meta-layouts":"set","ast-page-background-enabled":"default","ast-page-background-meta":{"desktop":{"background-color":"var(--ast-global-color-4)","background-image":"","background-repeat":"repeat","background-position":"center center","background-size":"auto","background-attachment":"scroll","background-type":"","background-media":"","overlay-type":"","overlay-color":"","overlay-opacity":"","overlay-gradient":""},"tablet":{"background-color":"","background-image":"","background-repeat":"repeat","background-position":"center center","background-size":"auto","background-attachment":"scroll","background-type":"","background-media":"","overlay-type":"","overlay-color":"","overlay-opacity":"","overlay-gradient":""},"mobile":{"background-color":"","background-image":"","background-repeat":"repeat","background-position":"center center","background-size":"auto","background-attachment":"scroll","background-type":"","background-media":"","overlay-type":"","overlay-color":"","overlay-opacity":"","overlay-gradient":""}},"ast-content-background-meta":{"desktop":{"background-color":"var(--ast-global-color-5)","background-image":"","background-repeat":"repeat","background-position":"center center","background-size":"auto","background-attachment":"scroll","background-type":"","background-media":"","overlay-type":"","overlay-color":"","overlay-opacity":"","overlay-gradient":""},"tablet":{"background-color":"var(--ast-global-color-5)","background-image":"","background-repeat":"repeat","background-position":"center center","background-size":"auto","background-attachment":"scroll","background-type":"","background-media":"","overlay-type":"","overlay-color":"","overlay-opacity":"","overlay-gradient":""},"mobile":{"background-color":"var(--ast-global-color-5)","background-image":"","background-repeat":"repeat","background-position":"center center","background-size":"auto","background-attachment":"scroll","background-type":"","background-media":"","overlay-type":"","overlay-color":"","overlay-opacity":"","overlay-gradient":""}},"footnotes":""},"class_list":["post-65543","page","type-page","status-publish","hentry"],"acf":[],"yoast_head":"<!-- This site is optimized with the Yoast SEO plugin v27.5 - https:\/\/yoast.com\/product\/yoast-seo-wordpress\/ -->\n<title>Die f\u00fchrende Laborberatung | Lab Consulting von Geniu<\/title>\n<meta name=\"description\" content=\"Die Laborberatung mit \u00fcber 15 Jahren Erfahrung und \u00fcber 200 erfolgreichen Projekten. Unserer Laborberater sind f\u00fchrende Experten f\u00fcr Laboroptimierung: von Lean Lab \u00fcber Kennzahlen bis zu neuen Organisation. \u00dcberzeugen Sie sich selbst!\" \/>\n<meta name=\"robots\" content=\"index, follow, max-snippet:-1, max-image-preview:large, max-video-preview:-1\" \/>\n<link rel=\"canonical\" href=\"https:\/\/www.geniu.com\/de\/impressum\/\" \/>\n<meta property=\"og:locale\" content=\"de_DE\" \/>\n<meta property=\"og:type\" content=\"article\" \/>\n<meta property=\"og:title\" content=\"Die f\u00fchrende Laborberatung | Lab Consulting von Geniu\" \/>\n<meta property=\"og:description\" content=\"Die Laborberatung mit \u00fcber 15 Jahren Erfahrung und \u00fcber 200 erfolgreichen Projekten. Unserer Laborberater sind f\u00fchrende Experten f\u00fcr Laboroptimierung: von Lean Lab \u00fcber Kennzahlen bis zu neuen Organisation. \u00dcberzeugen Sie sich selbst!\" \/>\n<meta property=\"og:url\" content=\"https:\/\/www.geniu.com\/de\/impressum\/\" \/>\n<meta property=\"og:site_name\" content=\"Geniu\" \/>\n<meta property=\"article:publisher\" content=\"https:\/\/www.facebook.com\/Geniu-1574654296173059\" \/>\n<meta property=\"article:modified_time\" content=\"2025-07-05T08:21:07+00:00\" \/>\n<meta name=\"twitter:card\" content=\"summary_large_image\" \/>\n<meta name=\"twitter:label1\" content=\"Gesch\u00e4tzte Lesezeit\" \/>\n\t<meta name=\"twitter:data1\" content=\"3\u00a0Minuten\" \/>\n<script type=\"application\/ld+json\" class=\"yoast-schema-graph\">{\"@context\":\"https:\\\/\\\/schema.org\",\"@graph\":[{\"@type\":\"WebPage\",\"@id\":\"https:\\\/\\\/www.geniu.com\\\/de\\\/impressum\\\/\",\"url\":\"https:\\\/\\\/www.geniu.com\\\/de\\\/impressum\\\/\",\"name\":\"Die f\u00fchrende Laborberatung | Lab Consulting von Geniu\",\"isPartOf\":{\"@id\":\"https:\\\/\\\/www.geniu.com\\\/de\\\/#website\"},\"datePublished\":\"2024-12-03T11:59:51+00:00\",\"dateModified\":\"2025-07-05T08:21:07+00:00\",\"description\":\"Die Laborberatung mit \u00fcber 15 Jahren Erfahrung und \u00fcber 200 erfolgreichen Projekten. Unserer Laborberater sind f\u00fchrende Experten f\u00fcr Laboroptimierung: von Lean Lab \u00fcber Kennzahlen bis zu neuen Organisation. \u00dcberzeugen Sie sich selbst!\",\"breadcrumb\":{\"@id\":\"https:\\\/\\\/www.geniu.com\\\/de\\\/impressum\\\/#breadcrumb\"},\"inLanguage\":\"de\",\"potentialAction\":[{\"@type\":\"ReadAction\",\"target\":[\"https:\\\/\\\/www.geniu.com\\\/de\\\/impressum\\\/\"]}]},{\"@type\":\"BreadcrumbList\",\"@id\":\"https:\\\/\\\/www.geniu.com\\\/de\\\/impressum\\\/#breadcrumb\",\"itemListElement\":[{\"@type\":\"ListItem\",\"position\":1,\"name\":\"Home\",\"item\":\"https:\\\/\\\/www.geniu.com\\\/de\\\/\"},{\"@type\":\"ListItem\",\"position\":2,\"name\":\"Impressum\"}]},{\"@type\":\"WebSite\",\"@id\":\"https:\\\/\\\/www.geniu.com\\\/de\\\/#website\",\"url\":\"https:\\\/\\\/www.geniu.com\\\/de\\\/\",\"name\":\"Geniu\",\"description\":\"Weiterbildung und Beratung f\u00fcr Labore\",\"publisher\":{\"@id\":\"https:\\\/\\\/www.geniu.com\\\/de\\\/#organization\"},\"potentialAction\":[{\"@type\":\"SearchAction\",\"target\":{\"@type\":\"EntryPoint\",\"urlTemplate\":\"https:\\\/\\\/www.geniu.com\\\/de\\\/?s={search_term_string}\"},\"query-input\":{\"@type\":\"PropertyValueSpecification\",\"valueRequired\":true,\"valueName\":\"search_term_string\"}}],\"inLanguage\":\"de\"},{\"@type\":\"Organization\",\"@id\":\"https:\\\/\\\/www.geniu.com\\\/de\\\/#organization\",\"name\":\"Geniu GmbH\",\"alternateName\":\"Geniu\",\"url\":\"https:\\\/\\\/www.geniu.com\\\/de\\\/\",\"logo\":{\"@type\":\"ImageObject\",\"inLanguage\":\"de\",\"@id\":\"https:\\\/\\\/www.geniu.com\\\/de\\\/#\\\/schema\\\/logo\\\/image\\\/\",\"url\":\"\",\"contentUrl\":\"\",\"caption\":\"Geniu GmbH\"},\"image\":{\"@id\":\"https:\\\/\\\/www.geniu.com\\\/de\\\/#\\\/schema\\\/logo\\\/image\\\/\"},\"sameAs\":[\"https:\\\/\\\/www.facebook.com\\\/Geniu-1574654296173059\",\"https:\\\/\\\/www.linkedin.com\\\/company\\\/geniu-gmbh\",\"https:\\\/\\\/www.xing.com\\\/companies\\\/geniu?literal=Geniu\",\"https:\\\/\\\/www.youtube.com\\\/channel\\\/UCotSWDP-a-Lbn2o0KbOpbBA\"]}]}<\/script>\n<!-- \/ Yoast SEO plugin. -->","yoast_head_json":{"title":"Die f\u00fchrende Laborberatung | Lab Consulting von Geniu","description":"Die Laborberatung mit \u00fcber 15 Jahren Erfahrung und \u00fcber 200 erfolgreichen Projekten. Unserer Laborberater sind f\u00fchrende Experten f\u00fcr Laboroptimierung: von Lean Lab \u00fcber Kennzahlen bis zu neuen Organisation. \u00dcberzeugen Sie sich selbst!","robots":{"index":"index","follow":"follow","max-snippet":"max-snippet:-1","max-image-preview":"max-image-preview:large","max-video-preview":"max-video-preview:-1"},"canonical":"https:\/\/www.geniu.com\/de\/impressum\/","og_locale":"de_DE","og_type":"article","og_title":"Die f\u00fchrende Laborberatung | Lab Consulting von Geniu","og_description":"Die Laborberatung mit \u00fcber 15 Jahren Erfahrung und \u00fcber 200 erfolgreichen Projekten. Unserer Laborberater sind f\u00fchrende Experten f\u00fcr Laboroptimierung: von Lean Lab \u00fcber Kennzahlen bis zu neuen Organisation. \u00dcberzeugen Sie sich selbst!","og_url":"https:\/\/www.geniu.com\/de\/impressum\/","og_site_name":"Geniu","article_publisher":"https:\/\/www.facebook.com\/Geniu-1574654296173059","article_modified_time":"2025-07-05T08:21:07+00:00","twitter_card":"summary_large_image","twitter_misc":{"Gesch\u00e4tzte Lesezeit":"3\u00a0Minuten"},"schema":{"@context":"https:\/\/schema.org","@graph":[{"@type":"WebPage","@id":"https:\/\/www.geniu.com\/de\/impressum\/","url":"https:\/\/www.geniu.com\/de\/impressum\/","name":"Die f\u00fchrende Laborberatung | Lab Consulting von Geniu","isPartOf":{"@id":"https:\/\/www.geniu.com\/de\/#website"},"datePublished":"2024-12-03T11:59:51+00:00","dateModified":"2025-07-05T08:21:07+00:00","description":"Die Laborberatung mit \u00fcber 15 Jahren Erfahrung und \u00fcber 200 erfolgreichen Projekten. Unserer Laborberater sind f\u00fchrende Experten f\u00fcr Laboroptimierung: von Lean Lab \u00fcber Kennzahlen bis zu neuen Organisation. \u00dcberzeugen Sie sich selbst!","breadcrumb":{"@id":"https:\/\/www.geniu.com\/de\/impressum\/#breadcrumb"},"inLanguage":"de","potentialAction":[{"@type":"ReadAction","target":["https:\/\/www.geniu.com\/de\/impressum\/"]}]},{"@type":"BreadcrumbList","@id":"https:\/\/www.geniu.com\/de\/impressum\/#breadcrumb","itemListElement":[{"@type":"ListItem","position":1,"name":"Home","item":"https:\/\/www.geniu.com\/de\/"},{"@type":"ListItem","position":2,"name":"Impressum"}]},{"@type":"WebSite","@id":"https:\/\/www.geniu.com\/de\/#website","url":"https:\/\/www.geniu.com\/de\/","name":"Geniu","description":"Weiterbildung und Beratung f\u00fcr Labore","publisher":{"@id":"https:\/\/www.geniu.com\/de\/#organization"},"potentialAction":[{"@type":"SearchAction","target":{"@type":"EntryPoint","urlTemplate":"https:\/\/www.geniu.com\/de\/?s={search_term_string}"},"query-input":{"@type":"PropertyValueSpecification","valueRequired":true,"valueName":"search_term_string"}}],"inLanguage":"de"},{"@type":"Organization","@id":"https:\/\/www.geniu.com\/de\/#organization","name":"Geniu GmbH","alternateName":"Geniu","url":"https:\/\/www.geniu.com\/de\/","logo":{"@type":"ImageObject","inLanguage":"de","@id":"https:\/\/www.geniu.com\/de\/#\/schema\/logo\/image\/","url":"","contentUrl":"","caption":"Geniu GmbH"},"image":{"@id":"https:\/\/www.geniu.com\/de\/#\/schema\/logo\/image\/"},"sameAs":["https:\/\/www.facebook.com\/Geniu-1574654296173059","https:\/\/www.linkedin.com\/company\/geniu-gmbh","https:\/\/www.xing.com\/companies\/geniu?literal=Geniu","https:\/\/www.youtube.com\/channel\/UCotSWDP-a-Lbn2o0KbOpbBA"]}]}},"jetpack_sharing_enabled":true,"_links":{"self":[{"href":"https:\/\/www.geniu.com\/de\/wp-json\/wp\/v2\/pages\/65543","targetHints":{"allow":["GET"]}}],"collection":[{"href":"https:\/\/www.geniu.com\/de\/wp-json\/wp\/v2\/pages"}],"about":[{"href":"https:\/\/www.geniu.com\/de\/wp-json\/wp\/v2\/types\/page"}],"author":[{"embeddable":true,"href":"https:\/\/www.geniu.com\/de\/wp-json\/wp\/v2\/users\/1"}],"replies":[{"embeddable":true,"href":"https:\/\/www.geniu.com\/de\/wp-json\/wp\/v2\/comments?post=65543"}],"version-history":[{"count":0,"href":"https:\/\/www.geniu.com\/de\/wp-json\/wp\/v2\/pages\/65543\/revisions"}],"wp:attachment":[{"href":"https:\/\/www.geniu.com\/de\/wp-json\/wp\/v2\/media?parent=65543"}],"curies":[{"name":"wp","href":"https:\/\/api.w.org\/{rel}","templated":true}]}}