{"id":93574,"date":"2025-11-04T12:30:40","date_gmt":"2025-11-04T11:30:40","guid":{"rendered":"https:\/\/www.geniu.com\/?page_id=93574"},"modified":"2025-11-04T12:32:20","modified_gmt":"2025-11-04T11:32:20","slug":"teilnahmebedingungen","status":"publish","type":"page","link":"https:\/\/www.geniu.com\/de\/weiterbildung\/teilnahmebedingungen\/","title":{"rendered":"Teilnahmebedingungen"},"content":{"rendered":"\t\t<div data-elementor-type=\"wp-page\" data-elementor-id=\"93574\" class=\"elementor elementor-93574\" data-elementor-post-type=\"page\">\n\t\t\t\t<div class=\"elementor-element elementor-element-58aeef9 e-flex e-con-boxed e-con e-parent\" data-id=\"58aeef9\" data-element_type=\"container\" data-e-type=\"container\" data-settings=\"{&quot;background_background&quot;:&quot;classic&quot;}\">\n\t\t\t\t\t<div class=\"e-con-inner\">\n\t\t\t\t\t<\/div>\n\t\t\t\t<\/div>\n\t\t<div class=\"elementor-element elementor-element-f2f7ace e-flex e-con-boxed e-con e-parent\" data-id=\"f2f7ace\" data-element_type=\"container\" data-e-type=\"container\">\n\t\t\t\t\t<div class=\"e-con-inner\">\n\t\t\t\t<div class=\"elementor-element elementor-element-7566d47 elementor-widget elementor-widget-text-editor\" data-id=\"7566d47\" data-element_type=\"widget\" data-e-type=\"widget\" data-widget_type=\"text-editor.default\">\n\t\t\t\t\t\t\t\t\t<h2 class=\"fusion-responsive-typography-calculated\" data-fontsize=\"24\" data-lineheight=\"36px\"><span class=\"TextRun SCXW46818924 BCX0\" lang=\"DE-DE\" xml:lang=\"DE-DE\" data-contrast=\"none\"><span class=\"NormalTextRun SCXW46818924 BCX0\">Teilnahmebedingungen f\u00fcr Veranstaltungen<\/span><\/span><span class=\"EOP SCXW46818924 BCX0\" data-ccp-props=\"{&quot;201341983&quot;:0,&quot;335557856&quot;:16777215,&quot;335559738&quot;:161,&quot;335559739&quot;:161,&quot;335559740&quot;:240}\">\u00a0<\/span><\/h2><p><span data-contrast=\"none\">(G\u00fcltig ab 01.01.2025)<\/span><span data-ccp-props=\"{&quot;201341983&quot;:0,&quot;335557856&quot;:16777215,&quot;335559739&quot;:300,&quot;335559740&quot;:240}\">\u00a0<\/span><\/p><p><span data-ccp-props=\"{&quot;201341983&quot;:0,&quot;335557856&quot;:16777215,&quot;335559739&quot;:300,&quot;335559740&quot;:240}\">\u00a0<\/span><\/p><p><b><span data-contrast=\"none\">Mit der Anmeldung akzeptieren Sie die folgenden Teilnahmebedingungen:<\/span><\/b><span data-ccp-props=\"{&quot;201341983&quot;:0,&quot;335557856&quot;:16777215,&quot;335559739&quot;:300,&quot;335559740&quot;:240}\">\u00a0<\/span><\/p><p><b><span data-contrast=\"none\">Anmeldung<\/span><\/b>\u00a0<br \/><span data-contrast=\"none\">Anmeldungen bed\u00fcrfen der Schriftform und sind \u00fcber das Webformular der jeweiligen Veranstaltung auf www.geniu.com\/de\/veranstaltungen\/ vorzunehmen.<\/span>\u00a0<br \/><span data-contrast=\"none\">Die Anmeldung wird mit dem Eingang bei Geniu verbindlich.<\/span><span data-ccp-props=\"{&quot;201341983&quot;:0,&quot;335557856&quot;:16777215,&quot;335559739&quot;:300,&quot;335559740&quot;:240}\">\u00a0<\/span><\/p><p><span data-ccp-props=\"{&quot;201341983&quot;:0,&quot;335557856&quot;:16777215,&quot;335559739&quot;:300,&quot;335559740&quot;:240}\">\u00a0<\/span><\/p><p><b><span data-contrast=\"none\">Teilnahmegeb\u00fchr<\/span><\/b>\u00a0<br \/><span data-contrast=\"none\">Die Teilnahmegeb\u00fchr schlie\u00dft bei Pr\u00e4senzveranstaltungen die Veranstaltungsunterlagen und eine Teilnahmebescheinigung sowie Mittagessen und Pausengetr\u00e4nke ein.<\/span><span data-ccp-props=\"{&quot;201341983&quot;:0,&quot;335557856&quot;:16777215,&quot;335559739&quot;:300,&quot;335559740&quot;:240}\">\u00a0<\/span><\/p><p><span data-ccp-props=\"{&quot;201341983&quot;:0,&quot;335557856&quot;:16777215,&quot;335559739&quot;:300,&quot;335559740&quot;:240}\">\u00a0<\/span><\/p><p><b><span data-contrast=\"none\">Veranstaltungsunterlagen<\/span><\/b>\u00a0<br \/><span data-contrast=\"none\">Soweit in der Einzelank\u00fcndigung der Veranstaltung nichts Abweichendes geregelt ist, erh\u00e4lt der\/die Teilnehmer\/in die Veranstaltungsunterlagen als Ausdruck vor Ort oder als PDF-Dokumente vor der Veranstaltung per E-Mail.<\/span><span data-ccp-props=\"{&quot;201341983&quot;:0,&quot;335557856&quot;:16777215,&quot;335559739&quot;:300,&quot;335559740&quot;:240}\">\u00a0<\/span><\/p><p><span data-ccp-props=\"{&quot;201341983&quot;:0,&quot;335557856&quot;:16777215,&quot;335559739&quot;:300,&quot;335559740&quot;:240}\">\u00a0<\/span><\/p><p><b><span data-contrast=\"none\">Programminhalte<\/span><\/b> \u00a0<br \/><span data-contrast=\"none\">Geniu beh\u00e4lt sich vor, Referenten auszutauschen sowie den Ablauf oder Inhalte geringf\u00fcgig zu \u00e4ndern sofern dadurch der Gesamtcharakter der Veranstaltung gewahrt bleibt.<\/span><span data-ccp-props=\"{&quot;201341983&quot;:0,&quot;335557856&quot;:16777215,&quot;335559739&quot;:300,&quot;335559740&quot;:240}\">\u00a0<\/span><\/p><p><span data-ccp-props=\"{&quot;201341983&quot;:0,&quot;335557856&quot;:16777215,&quot;335559739&quot;:300,&quot;335559740&quot;:240}\">\u00a0<\/span><\/p><p><b><span data-contrast=\"none\">Teilnehmerlizenz<\/span><\/b>\u00a0<br \/><span data-contrast=\"none\">Mit den Dokumenten (als Download\/auf einem USB-Stick oder ggf. in gedruckter Form) erh\u00e4lt der\/die Teilnehmer\/in ausschlie\u00dflich das Recht zur eigenen Nutzung (Teilnehmerlizenz). Er\/sie ist ausdr\u00fccklich nicht berechtigt dieses Dokumentes z.B. als (gescannte) PDF-Datei auf einem Firmen- oder Webserver abzulegen, per E-Mail weiterzuleiten oder auf sonstigem Wege zu vervielf\u00e4ltigen oder Dritten zug\u00e4nglich zu machen. Kein Bestandteil der Inhalte in unver\u00e4nderter oder ver\u00e4nderter Form darf vom Teilnehmer kopiert, zitiert, vervielf\u00e4ltigt, \u00fcbersetzt, nachgedruckt oder an Dritte weitergegeben oder ver\u00e4u\u00dfert werden.<\/span><span data-ccp-props=\"{&quot;201341983&quot;:0,&quot;335557856&quot;:16777215,&quot;335559739&quot;:300,&quot;335559740&quot;:240}\">\u00a0<\/span><\/p><p><span data-ccp-props=\"{&quot;201341983&quot;:0,&quot;335557856&quot;:16777215,&quot;335559739&quot;:300,&quot;335559740&quot;:240}\">\u00a0<\/span><\/p><p><b><span data-contrast=\"none\">Stornierung durch Teilnehmer\/in<\/span><\/b>\u00a0<br \/><span data-contrast=\"none\">F\u00fcr Stornierungen bis 14 Tage vor Veranstaltungsbeginn wird eine Geb\u00fchr in H\u00f6he von 50% berechnet. F\u00fcr sp\u00e4tere Stornierungen f\u00e4llt die volle Teilnahmegeb\u00fchr an. Stornierungen sind per E-Mail an den Veranstalter bzw. <\/span><a href=\"mailto:info@geniu.com\" title=\"Weitere Informationen\"><span data-contrast=\"none\">info@geniu.com<\/span><\/a><span data-contrast=\"none\"> zu senden. Ma\u00dfgebend der Zeitpunkt des Eingangs der E-Mail bei Geniu.<\/span>\u00a0<br \/><span data-contrast=\"none\">Bei Verhinderung eines\/einer angemeldeten Teilnehmers\/Teilnehmerin kann ein\/eine Ersatzteilnehmer\/in benannt werden.<\/span><span data-ccp-props=\"{&quot;201341983&quot;:0,&quot;335557856&quot;:16777215,&quot;335559739&quot;:300,&quot;335559740&quot;:240}\">\u00a0<\/span><\/p><p><span data-ccp-props=\"{&quot;201341983&quot;:0,&quot;335557856&quot;:16777215,&quot;335559739&quot;:300,&quot;335559740&quot;:240}\">\u00a0<\/span><\/p><p><span style=\"font-style: inherit;\"><span data-contrast=\"none\"><b>Stornierung<\/b><\/span><\/span><span style=\"font-style: inherit; font-weight: inherit;\">\u00a0<\/span><\/p><p><span data-contrast=\"none\">Bei Absage von Seiten des Veranstalters werden die Teilnahmegeb\u00fchren in voller H\u00f6he zur\u00fcckerstattet. Weitergehende Anspr\u00fcche sind ausgeschlossen.<\/span><span data-ccp-props=\"{&quot;201341983&quot;:0,&quot;335557856&quot;:16777215,&quot;335559739&quot;:300,&quot;335559740&quot;:240}\">\u00a0<\/span><\/p><p><span data-contrast=\"none\">Bei Pr\u00e4senzveranstaltungen: Ca. sechs Wochen vor dem Veranstaltungstermin wird entscheiden, ob die Mindestteilnehmerzahl erreicht ist und die Veranstaltung stattfinden kann. Daher sollten Sie auf die\u00a0 Stornierungsbedingungen z.B. der Bahn bzw. des Hotels achten.<\/span><span data-ccp-props=\"{&quot;201341983&quot;:0,&quot;335557856&quot;:16777215,&quot;335559739&quot;:300,&quot;335559740&quot;:240}\">\u00a0<\/span><\/p><p><span data-ccp-props=\"{&quot;201341983&quot;:0,&quot;335557856&quot;:16777215,&quot;335559739&quot;:300,&quot;335559740&quot;:240}\">\u00a0<\/span><\/p><p><b><span data-contrast=\"none\">Zahlungsbedingungen<\/span><\/b>\u00a0<br \/><span data-contrast=\"none\">Die Teilnahmegeb\u00fchr ist unmittelbar nach Erhalt der Rechnung ohne Abzug zu zahlen. Die Rechnungsstellung erfolgt 10 Tage vor dem Beginn der Veranstaltung.<\/span><span data-ccp-props=\"{&quot;201341983&quot;:0,&quot;335557856&quot;:16777215,&quot;335559739&quot;:300,&quot;335559740&quot;:240}\">\u00a0<\/span><\/p><p><span data-ccp-props=\"{&quot;201341983&quot;:0,&quot;335557856&quot;:16777215,&quot;335559739&quot;:300,&quot;335559740&quot;:240}\">\u00a0<\/span><\/p><p><b><span data-contrast=\"none\">Haftung<\/span><\/b>\u00a0<br \/><span data-contrast=\"none\">Geniu haftet nur f\u00fcr Sch\u00e4den, die auf Vorsatz oder grober Fahrl\u00e4ssigkeit beruhen. F\u00fcr leichte Fahrl\u00e4ssigkeit haftet Geniu nur bei Verletzung wesentlicher Vertragspflichten (Kardinalpflichten) und nur f\u00fcr den typischerweise vorhersehbaren Schaden. Die Haftung f\u00fcr Verletzungen von Leben, K\u00f6rper und Gesundheit bleibt unber\u00fchrt.<\/span><span data-ccp-props=\"{&quot;201341983&quot;:0,&quot;335557856&quot;:16777215,&quot;335559739&quot;:300,&quot;335559740&quot;:240}\">\u00a0<\/span><\/p><p><span data-ccp-props=\"{&quot;201341983&quot;:0,&quot;335557856&quot;:16777215,&quot;335559739&quot;:300,&quot;335559740&quot;:240}\">\u00a0<\/span><\/p><p><b><span data-contrast=\"none\">Bild- und Tonaufnahmen<\/span><\/b>\u00a0<br \/><span data-contrast=\"none\">W\u00e4hrend der Veranstaltung k\u00f6nnen Bild- und Tonaufnahmen gemacht werden, <\/span>\u00a0<br \/><span data-contrast=\"none\">die zu Zwecken der Dokumentation und \u00d6ffentlichkeitsarbeit von Geniu verwendet werden. Dabei werden keine Einzelaufnahmen von Teilnehmenden angefertigt.<\/span><span data-ccp-props=\"{&quot;201341983&quot;:0,&quot;335557856&quot;:16777215,&quot;335559739&quot;:300,&quot;335559740&quot;:240}\">\u00a0<\/span><\/p><p><span data-ccp-props=\"{&quot;201341983&quot;:0,&quot;335557856&quot;:16777215,&quot;335559739&quot;:300,&quot;335559740&quot;:240}\">\u00a0<\/span><\/p><p><b><span data-contrast=\"none\">Gerichtsstand <\/span><\/b>\u00a0<br \/><span data-contrast=\"none\">Es gilt deutsches Recht. Gerichtsstand ist der Sitz von Geniu, sofern der\/die Teilnehmer\/in Kaufmann\/Kauffrau oder eine juristische Person des \u00f6ffentlichen Rechts ist.<\/span><span data-ccp-props=\"{&quot;201341983&quot;:0,&quot;335557856&quot;:16777215,&quot;335559739&quot;:300,&quot;335559740&quot;:240}\">\u00a0<\/span><\/p>\t\t\t\t\t\t\t\t<\/div>\n\t\t\t\t<div class=\"elementor-element elementor-element-2454c76 elementor-widget elementor-widget-spacer\" data-id=\"2454c76\" data-element_type=\"widget\" data-e-type=\"widget\" data-widget_type=\"spacer.default\">\n\t\t\t\t\t\t\t<div class=\"elementor-spacer\">\n\t\t\t<div class=\"elementor-spacer-inner\"><\/div>\n\t\t<\/div>\n\t\t\t\t\t\t<\/div>\n\t\t\t\t\t<\/div>\n\t\t\t\t<\/div>\n\t\t\t\t<\/div>\n\t\t","protected":false},"excerpt":{"rendered":"<p>Teilnahmebedingungen f\u00fcr Veranstaltungen\u00a0 (G\u00fcltig ab 01.01.2025)\u00a0 \u00a0 Mit der Anmeldung akzeptieren Sie die folgenden Teilnahmebedingungen:\u00a0 Anmeldung\u00a0Anmeldungen bed\u00fcrfen der Schriftform und sind \u00fcber das Webformular der jeweiligen Veranstaltung auf www.geniu.com\/de\/veranstaltungen\/ vorzunehmen.\u00a0Die Anmeldung wird mit dem Eingang bei Geniu verbindlich.\u00a0 \u00a0 Teilnahmegeb\u00fchr\u00a0Die Teilnahmegeb\u00fchr schlie\u00dft bei Pr\u00e4senzveranstaltungen die Veranstaltungsunterlagen und eine Teilnahmebescheinigung sowie Mittagessen und Pausengetr\u00e4nke ein.\u00a0 \u00a0 [&hellip;]<\/p>\n","protected":false},"author":1,"featured_media":0,"parent":1747,"menu_order":0,"comment_status":"closed","ping_status":"closed","template":"","meta":{"_acf_changed":false,"site-sidebar-layout":"no-sidebar","site-content-layout":"page-builder","ast-site-content-layout":"full-width-container","site-content-style":"unboxed","site-sidebar-style":"unboxed","ast-global-header-display":"","ast-banner-title-visibility":"","ast-main-header-display":"","ast-hfb-above-header-display":"","ast-hfb-below-header-display":"","ast-hfb-mobile-header-display":"","site-post-title":"disabled","ast-breadcrumbs-content":"","ast-featured-img":"disabled","footer-sml-layout":"","ast-disable-related-posts":"","theme-transparent-header-meta":"default","adv-header-id-meta":"","stick-header-meta":"","header-above-stick-meta":"","header-main-stick-meta":"","header-below-stick-meta":"","astra-migrate-meta-layouts":"set","ast-page-background-enabled":"default","ast-page-background-meta":{"desktop":{"background-color":"var(--ast-global-color-4)","background-image":"","background-repeat":"repeat","background-position":"center center","background-size":"auto","background-attachment":"scroll","background-type":"","background-media":"","overlay-type":"","overlay-color":"","overlay-opacity":"","overlay-gradient":""},"tablet":{"background-color":"","background-image":"","background-repeat":"repeat","background-position":"center center","background-size":"auto","background-attachment":"scroll","background-type":"","background-media":"","overlay-type":"","overlay-color":"","overlay-opacity":"","overlay-gradient":""},"mobile":{"background-color":"","background-image":"","background-repeat":"repeat","background-position":"center center","background-size":"auto","background-attachment":"scroll","background-type":"","background-media":"","overlay-type":"","overlay-color":"","overlay-opacity":"","overlay-gradient":""}},"ast-content-background-meta":{"desktop":{"background-color":"var(--ast-global-color-5)","background-image":"","background-repeat":"repeat","background-position":"center center","background-size":"auto","background-attachment":"scroll","background-type":"","background-media":"","overlay-type":"","overlay-color":"","overlay-opacity":"","overlay-gradient":""},"tablet":{"background-color":"var(--ast-global-color-5)","background-image":"","background-repeat":"repeat","background-position":"center center","background-size":"auto","background-attachment":"scroll","background-type":"","background-media":"","overlay-type":"","overlay-color":"","overlay-opacity":"","overlay-gradient":""},"mobile":{"background-color":"var(--ast-global-color-5)","background-image":"","background-repeat":"repeat","background-position":"center center","background-size":"auto","background-attachment":"scroll","background-type":"","background-media":"","overlay-type":"","overlay-color":"","overlay-opacity":"","overlay-gradient":""}},"footnotes":""},"class_list":["post-93574","page","type-page","status-publish","hentry"],"acf":[],"yoast_head":"<!-- This site is optimized with the Yoast SEO plugin v27.3 - https:\/\/yoast.com\/product\/yoast-seo-wordpress\/ -->\n<title>Die f\u00fchrende Laborberatung | Lab Consulting von Geniu<\/title>\n<meta name=\"description\" content=\"Die Laborberatung mit \u00fcber 15 Jahren Erfahrung und \u00fcber 200 erfolgreichen Projekten. Unserer Laborberater sind f\u00fchrende Experten f\u00fcr Laboroptimierung: von Lean Lab \u00fcber Kennzahlen bis zu neuen Organisation. \u00dcberzeugen Sie sich selbst!\" \/>\n<meta name=\"robots\" content=\"index, follow, max-snippet:-1, max-image-preview:large, max-video-preview:-1\" \/>\n<link rel=\"canonical\" href=\"https:\/\/www.geniu.com\/de\/weiterbildung\/teilnahmebedingungen\/\" \/>\n<meta property=\"og:locale\" content=\"de_DE\" \/>\n<meta property=\"og:type\" content=\"article\" \/>\n<meta property=\"og:title\" content=\"Die f\u00fchrende Laborberatung | Lab Consulting von Geniu\" \/>\n<meta property=\"og:description\" content=\"Die Laborberatung mit \u00fcber 15 Jahren Erfahrung und \u00fcber 200 erfolgreichen Projekten. Unserer Laborberater sind f\u00fchrende Experten f\u00fcr Laboroptimierung: von Lean Lab \u00fcber Kennzahlen bis zu neuen Organisation. \u00dcberzeugen Sie sich selbst!\" \/>\n<meta property=\"og:url\" content=\"https:\/\/www.geniu.com\/de\/weiterbildung\/teilnahmebedingungen\/\" \/>\n<meta property=\"og:site_name\" content=\"Geniu\" \/>\n<meta property=\"article:publisher\" content=\"https:\/\/www.facebook.com\/Geniu-1574654296173059\" \/>\n<meta property=\"article:modified_time\" content=\"2025-11-04T11:32:20+00:00\" \/>\n<meta name=\"twitter:card\" content=\"summary_large_image\" \/>\n<meta name=\"twitter:label1\" content=\"Gesch\u00e4tzte Lesezeit\" \/>\n\t<meta name=\"twitter:data1\" content=\"3\u00a0Minuten\" \/>\n<script type=\"application\/ld+json\" class=\"yoast-schema-graph\">{\"@context\":\"https:\\\/\\\/schema.org\",\"@graph\":[{\"@type\":\"WebPage\",\"@id\":\"https:\\\/\\\/www.geniu.com\\\/de\\\/weiterbildung\\\/teilnahmebedingungen\\\/\",\"url\":\"https:\\\/\\\/www.geniu.com\\\/de\\\/weiterbildung\\\/teilnahmebedingungen\\\/\",\"name\":\"Die f\u00fchrende Laborberatung | Lab Consulting von Geniu\",\"isPartOf\":{\"@id\":\"https:\\\/\\\/www.geniu.com\\\/de\\\/#website\"},\"datePublished\":\"2025-11-04T11:30:40+00:00\",\"dateModified\":\"2025-11-04T11:32:20+00:00\",\"description\":\"Die Laborberatung mit \u00fcber 15 Jahren Erfahrung und \u00fcber 200 erfolgreichen Projekten. Unserer Laborberater sind f\u00fchrende Experten f\u00fcr Laboroptimierung: von Lean Lab \u00fcber Kennzahlen bis zu neuen Organisation. \u00dcberzeugen Sie sich selbst!\",\"breadcrumb\":{\"@id\":\"https:\\\/\\\/www.geniu.com\\\/de\\\/weiterbildung\\\/teilnahmebedingungen\\\/#breadcrumb\"},\"inLanguage\":\"de\",\"potentialAction\":[{\"@type\":\"ReadAction\",\"target\":[\"https:\\\/\\\/www.geniu.com\\\/de\\\/weiterbildung\\\/teilnahmebedingungen\\\/\"]}]},{\"@type\":\"BreadcrumbList\",\"@id\":\"https:\\\/\\\/www.geniu.com\\\/de\\\/weiterbildung\\\/teilnahmebedingungen\\\/#breadcrumb\",\"itemListElement\":[{\"@type\":\"ListItem\",\"position\":1,\"name\":\"Home\",\"item\":\"https:\\\/\\\/www.geniu.com\\\/de\\\/\"},{\"@type\":\"ListItem\",\"position\":2,\"name\":\"Weiterbildung\",\"item\":\"https:\\\/\\\/www.geniu.com\\\/de\\\/weiterbildung\\\/\"},{\"@type\":\"ListItem\",\"position\":3,\"name\":\"Teilnahmebedingungen\"}]},{\"@type\":\"WebSite\",\"@id\":\"https:\\\/\\\/www.geniu.com\\\/de\\\/#website\",\"url\":\"https:\\\/\\\/www.geniu.com\\\/de\\\/\",\"name\":\"Geniu\",\"description\":\"Weiterbildung und Beratung f\u00fcr Labore\",\"publisher\":{\"@id\":\"https:\\\/\\\/www.geniu.com\\\/de\\\/#organization\"},\"potentialAction\":[{\"@type\":\"SearchAction\",\"target\":{\"@type\":\"EntryPoint\",\"urlTemplate\":\"https:\\\/\\\/www.geniu.com\\\/de\\\/?s={search_term_string}\"},\"query-input\":{\"@type\":\"PropertyValueSpecification\",\"valueRequired\":true,\"valueName\":\"search_term_string\"}}],\"inLanguage\":\"de\"},{\"@type\":\"Organization\",\"@id\":\"https:\\\/\\\/www.geniu.com\\\/de\\\/#organization\",\"name\":\"Geniu GmbH\",\"alternateName\":\"Geniu\",\"url\":\"https:\\\/\\\/www.geniu.com\\\/de\\\/\",\"logo\":{\"@type\":\"ImageObject\",\"inLanguage\":\"de\",\"@id\":\"https:\\\/\\\/www.geniu.com\\\/de\\\/#\\\/schema\\\/logo\\\/image\\\/\",\"url\":\"\",\"contentUrl\":\"\",\"caption\":\"Geniu GmbH\"},\"image\":{\"@id\":\"https:\\\/\\\/www.geniu.com\\\/de\\\/#\\\/schema\\\/logo\\\/image\\\/\"},\"sameAs\":[\"https:\\\/\\\/www.facebook.com\\\/Geniu-1574654296173059\",\"https:\\\/\\\/www.linkedin.com\\\/company\\\/geniu-gmbh\",\"https:\\\/\\\/www.xing.com\\\/companies\\\/geniu?literal=Geniu\",\"https:\\\/\\\/www.youtube.com\\\/channel\\\/UCotSWDP-a-Lbn2o0KbOpbBA\"]}]}<\/script>\n<!-- \/ Yoast SEO plugin. -->","yoast_head_json":{"title":"Die f\u00fchrende Laborberatung | Lab Consulting von Geniu","description":"Die Laborberatung mit \u00fcber 15 Jahren Erfahrung und \u00fcber 200 erfolgreichen Projekten. Unserer Laborberater sind f\u00fchrende Experten f\u00fcr Laboroptimierung: von Lean Lab \u00fcber Kennzahlen bis zu neuen Organisation. \u00dcberzeugen Sie sich selbst!","robots":{"index":"index","follow":"follow","max-snippet":"max-snippet:-1","max-image-preview":"max-image-preview:large","max-video-preview":"max-video-preview:-1"},"canonical":"https:\/\/www.geniu.com\/de\/weiterbildung\/teilnahmebedingungen\/","og_locale":"de_DE","og_type":"article","og_title":"Die f\u00fchrende Laborberatung | Lab Consulting von Geniu","og_description":"Die Laborberatung mit \u00fcber 15 Jahren Erfahrung und \u00fcber 200 erfolgreichen Projekten. Unserer Laborberater sind f\u00fchrende Experten f\u00fcr Laboroptimierung: von Lean Lab \u00fcber Kennzahlen bis zu neuen Organisation. \u00dcberzeugen Sie sich selbst!","og_url":"https:\/\/www.geniu.com\/de\/weiterbildung\/teilnahmebedingungen\/","og_site_name":"Geniu","article_publisher":"https:\/\/www.facebook.com\/Geniu-1574654296173059","article_modified_time":"2025-11-04T11:32:20+00:00","twitter_card":"summary_large_image","twitter_misc":{"Gesch\u00e4tzte Lesezeit":"3\u00a0Minuten"},"schema":{"@context":"https:\/\/schema.org","@graph":[{"@type":"WebPage","@id":"https:\/\/www.geniu.com\/de\/weiterbildung\/teilnahmebedingungen\/","url":"https:\/\/www.geniu.com\/de\/weiterbildung\/teilnahmebedingungen\/","name":"Die f\u00fchrende Laborberatung | Lab Consulting von Geniu","isPartOf":{"@id":"https:\/\/www.geniu.com\/de\/#website"},"datePublished":"2025-11-04T11:30:40+00:00","dateModified":"2025-11-04T11:32:20+00:00","description":"Die Laborberatung mit \u00fcber 15 Jahren Erfahrung und \u00fcber 200 erfolgreichen Projekten. Unserer Laborberater sind f\u00fchrende Experten f\u00fcr Laboroptimierung: von Lean Lab \u00fcber Kennzahlen bis zu neuen Organisation. \u00dcberzeugen Sie sich selbst!","breadcrumb":{"@id":"https:\/\/www.geniu.com\/de\/weiterbildung\/teilnahmebedingungen\/#breadcrumb"},"inLanguage":"de","potentialAction":[{"@type":"ReadAction","target":["https:\/\/www.geniu.com\/de\/weiterbildung\/teilnahmebedingungen\/"]}]},{"@type":"BreadcrumbList","@id":"https:\/\/www.geniu.com\/de\/weiterbildung\/teilnahmebedingungen\/#breadcrumb","itemListElement":[{"@type":"ListItem","position":1,"name":"Home","item":"https:\/\/www.geniu.com\/de\/"},{"@type":"ListItem","position":2,"name":"Weiterbildung","item":"https:\/\/www.geniu.com\/de\/weiterbildung\/"},{"@type":"ListItem","position":3,"name":"Teilnahmebedingungen"}]},{"@type":"WebSite","@id":"https:\/\/www.geniu.com\/de\/#website","url":"https:\/\/www.geniu.com\/de\/","name":"Geniu","description":"Weiterbildung und Beratung f\u00fcr Labore","publisher":{"@id":"https:\/\/www.geniu.com\/de\/#organization"},"potentialAction":[{"@type":"SearchAction","target":{"@type":"EntryPoint","urlTemplate":"https:\/\/www.geniu.com\/de\/?s={search_term_string}"},"query-input":{"@type":"PropertyValueSpecification","valueRequired":true,"valueName":"search_term_string"}}],"inLanguage":"de"},{"@type":"Organization","@id":"https:\/\/www.geniu.com\/de\/#organization","name":"Geniu GmbH","alternateName":"Geniu","url":"https:\/\/www.geniu.com\/de\/","logo":{"@type":"ImageObject","inLanguage":"de","@id":"https:\/\/www.geniu.com\/de\/#\/schema\/logo\/image\/","url":"","contentUrl":"","caption":"Geniu GmbH"},"image":{"@id":"https:\/\/www.geniu.com\/de\/#\/schema\/logo\/image\/"},"sameAs":["https:\/\/www.facebook.com\/Geniu-1574654296173059","https:\/\/www.linkedin.com\/company\/geniu-gmbh","https:\/\/www.xing.com\/companies\/geniu?literal=Geniu","https:\/\/www.youtube.com\/channel\/UCotSWDP-a-Lbn2o0KbOpbBA"]}]}},"jetpack_sharing_enabled":true,"_links":{"self":[{"href":"https:\/\/www.geniu.com\/de\/wp-json\/wp\/v2\/pages\/93574","targetHints":{"allow":["GET"]}}],"collection":[{"href":"https:\/\/www.geniu.com\/de\/wp-json\/wp\/v2\/pages"}],"about":[{"href":"https:\/\/www.geniu.com\/de\/wp-json\/wp\/v2\/types\/page"}],"author":[{"embeddable":true,"href":"https:\/\/www.geniu.com\/de\/wp-json\/wp\/v2\/users\/1"}],"replies":[{"embeddable":true,"href":"https:\/\/www.geniu.com\/de\/wp-json\/wp\/v2\/comments?post=93574"}],"version-history":[{"count":0,"href":"https:\/\/www.geniu.com\/de\/wp-json\/wp\/v2\/pages\/93574\/revisions"}],"up":[{"embeddable":true,"href":"https:\/\/www.geniu.com\/de\/wp-json\/wp\/v2\/pages\/1747"}],"wp:attachment":[{"href":"https:\/\/www.geniu.com\/de\/wp-json\/wp\/v2\/media?parent=93574"}],"curies":[{"name":"wp","href":"https:\/\/api.w.org\/{rel}","templated":true}]}}